{"id":5428,"date":"2022-07-21T13:06:29","date_gmt":"2022-07-21T13:06:29","guid":{"rendered":"https:\/\/mabuko.co.mz\/?post_type=product&#038;p=5428"},"modified":"2022-12-30T10:32:50","modified_gmt":"2022-12-30T10:32:50","slug":"samora-machel-uma-vida-interrompida","status":"publish","type":"product","link":"https:\/\/mabuko.co.mz\/site\/?product=samora-machel-uma-vida-interrompida","title":{"rendered":"SAMORA MACHEL UMA VIDA INTERROMPIDA A Life\u00a0 cut short"},"content":{"rendered":"","protected":false},"excerpt":{"rendered":"<p><strong>SINOPSE<\/strong><\/p>\n<p>Um retrato de um grande l\u00edder africano que \u00e9 rico, encantador e incisivo. O livro recorda-nos como os povos de \u00c1frica t\u00eam sido e devem continuar a ser interdependentes.<\/p>\n<p>Samora era um africano orgulhoso, um libertador orgulhoso, um internacionalista orgulhoso e um ser humano orgulhoso e humano, com grande sensibilidade cultural. Tinha os seus defeitos \u2014 e o sistema em que cresceu e que ajudou a desenvolver tinha as suas lacunas. Mas com defeitos e tudo, o Povo tem raz\u00e3o em enaltecer a sua mem\u00f3ria.<\/p>\n<p>A portrait of a great African leader who is rich, charming and incisive. The book reminds us of how the peoples of Africa have been and must continue to be interdependent.<\/p>\n<p>Samora was a proud African, a proud liberator, a proud internationalist and a proud and humane human being, with great cultural sensitivity. It had its shortcomings \u2013 and the system it grew up in and helped to develop had its shortcomings. But with defects and all, the People are right to enhance their memory<\/p>\n","protected":false},"featured_media":5431,"template":"","meta":{"_monsterinsights_skip_tracking":false,"_monsterinsights_sitenote_active":false,"_monsterinsights_sitenote_note":"","_monsterinsights_sitenote_category":0},"product_cat":[103],"product_tag":[],"class_list":{"0":"post-5428","1":"product","2":"type-product","3":"status-publish","4":"has-post-thumbnail","6":"product_cat-literatura","7":"pa_book-author-alleen-f-isaacman","8":"pa_book-author-barbara-s-isaacman","10":"first","11":"outofstock","12":"shipping-taxable","13":"purchasable","14":"product-type-simple"},"_links":{"self":[{"href":"https:\/\/mabuko.co.mz\/site\/index.php?rest_route=\/wp\/v2\/product\/5428","targetHints":{"allow":["GET"]}}],"collection":[{"href":"https:\/\/mabuko.co.mz\/site\/index.php?rest_route=\/wp\/v2\/product"}],"about":[{"href":"https:\/\/mabuko.co.mz\/site\/index.php?rest_route=\/wp\/v2\/types\/product"}],"wp:featuredmedia":[{"embeddable":true,"href":"https:\/\/mabuko.co.mz\/site\/index.php?rest_route=\/wp\/v2\/media\/5431"}],"wp:attachment":[{"href":"https:\/\/mabuko.co.mz\/site\/index.php?rest_route=%2Fwp%2Fv2%2Fmedia&parent=5428"}],"wp:term":[{"taxonomy":"product_cat","embeddable":true,"href":"https:\/\/mabuko.co.mz\/site\/index.php?rest_route=%2Fwp%2Fv2%2Fproduct_cat&post=5428"},{"taxonomy":"product_tag","embeddable":true,"href":"https:\/\/mabuko.co.mz\/site\/index.php?rest_route=%2Fwp%2Fv2%2Fproduct_tag&post=5428"}],"curies":[{"name":"wp","href":"https:\/\/api.w.org\/{rel}","templated":true}]}}