{"id":5423,"date":"2022-07-21T12:21:26","date_gmt":"2022-07-21T12:21:26","guid":{"rendered":"https:\/\/mabuko.co.mz\/?post_type=product&#038;p=5423"},"modified":"2022-12-30T12:23:34","modified_gmt":"2022-12-30T12:23:34","slug":"o-olho-de-hertzog","status":"publish","type":"product","link":"https:\/\/mabuko.co.mz\/site\/?product=o-olho-de-hertzog","title":{"rendered":"O OLHO DE HERTZOG"},"content":{"rendered":"<p>Jo\u00e3o Paulo Borges Coelho<\/p>\n<p>9789024796397<\/p>\n","protected":false},"excerpt":{"rendered":"<p><strong>SINOPSE<\/strong><\/p>\n<p>O que procura Hans Mahrenholz, um oficial alem\u00e3o que se faz passar por empres\u00e1rio e jornalista ingl\u00eas, nas ruas da Louren\u00e7o Marques de 1919, ainda no rescaldo da Grande Guerra? E por que n\u00e3o assume a sua verdadeira identidade? E por que procura desesperadamente um mulato com nome grego e uma longa cicatriz? E como o pode ajudar um dos mais famosos jornalistas dessa cidade, um mesti\u00e7o assimilado e carism\u00e1tico? Hans Mahrenholz (ou Henry Miller) chega ao norte de Mo\u00e7ambique num zepelim e \u00e9 largado de p\u00e1ra-quedas, sozinho, em plena selva, com a miss\u00e3o de se juntar ao contingente do general Lettow. Consegue-o. Mas todo o resto da campanha militar \u00e9 assombrada pela esta\u00e7\u00e3o das chuvas, a floresta virgem, a mal\u00e1ria e os confrontos com os ex\u00e9rcitos ingl\u00eas e portugu\u00eas. Quando chega a Louren\u00e7o Marques, Hans j\u00e1 n\u00e3o \u00e9 o her\u00f3i ing\u00e9nuo e corajoso que se juntou a Lettow. \u00c9 uma personagem misteriosa com uma miss\u00e3o misteriosa\u2026<\/p>\n","protected":false},"featured_media":5425,"template":"","meta":{"_monsterinsights_skip_tracking":false,"_monsterinsights_sitenote_active":false,"_monsterinsights_sitenote_note":"","_monsterinsights_sitenote_category":0},"product_cat":[105],"product_tag":[],"class_list":{"0":"post-5423","1":"product","2":"type-product","3":"status-publish","4":"has-post-thumbnail","6":"product_cat-romance","7":"pa_book-author-joao-paulo-borges-coelho","9":"first","10":"outofstock","11":"shipping-taxable","12":"purchasable","13":"product-type-simple"},"_links":{"self":[{"href":"https:\/\/mabuko.co.mz\/site\/index.php?rest_route=\/wp\/v2\/product\/5423","targetHints":{"allow":["GET"]}}],"collection":[{"href":"https:\/\/mabuko.co.mz\/site\/index.php?rest_route=\/wp\/v2\/product"}],"about":[{"href":"https:\/\/mabuko.co.mz\/site\/index.php?rest_route=\/wp\/v2\/types\/product"}],"wp:featuredmedia":[{"embeddable":true,"href":"https:\/\/mabuko.co.mz\/site\/index.php?rest_route=\/wp\/v2\/media\/5425"}],"wp:attachment":[{"href":"https:\/\/mabuko.co.mz\/site\/index.php?rest_route=%2Fwp%2Fv2%2Fmedia&parent=5423"}],"wp:term":[{"taxonomy":"product_cat","embeddable":true,"href":"https:\/\/mabuko.co.mz\/site\/index.php?rest_route=%2Fwp%2Fv2%2Fproduct_cat&post=5423"},{"taxonomy":"product_tag","embeddable":true,"href":"https:\/\/mabuko.co.mz\/site\/index.php?rest_route=%2Fwp%2Fv2%2Fproduct_tag&post=5423"}],"curies":[{"name":"wp","href":"https:\/\/api.w.org\/{rel}","templated":true}]}}