{"id":5420,"date":"2022-07-21T12:13:34","date_gmt":"2022-07-21T12:13:34","guid":{"rendered":"https:\/\/mabuko.co.mz\/?post_type=product&#038;p=5420"},"modified":"2022-12-23T15:57:10","modified_gmt":"2022-12-23T15:57:10","slug":"museu-da-revolucao","status":"publish","type":"product","link":"https:\/\/mabuko.co.mz\/site\/?product=museu-da-revolucao","title":{"rendered":"MUSEU DA REVOLU\u00c7\u00c3O"},"content":{"rendered":"<p>Jo\u00e3o Paulo Borges Coelho<\/p>\n<p>9789024797486<\/p>\n","protected":false},"excerpt":{"rendered":"<p><strong>SINOPSE<\/strong><\/p>\n<p>Conheci Jei-Jei numa manh\u00e3 cinzenta que dediquei a visitar o Museu da Revolu\u00e7\u00e3o. Preparava-me para observar os expositores do primeiro andar, onde se d\u00e1 conta da resist\u00eancia ao colonialismo, quando senti crescerem os rumores de uma manifesta\u00e7\u00e3o de protesto no Jardim 28 de Maio, do outro lado da rua.<\/p>\n<p>Notara-a j\u00e1 \u00e0 chegada, uma pequena concentra\u00e7\u00e3o de Magermanes, os trabalhadores emigrantes que haviam prestado servi\u00e7o na velha Alemanha socialista e agora, h\u00e1 muito regressados, continuavam a reivindicar uma parte dos seus sal\u00e1rios que diziam estar retida pelo Governo. Agitavam cartazes e bandeiras, e por um momento parecia que os dias festivos do nosso pr\u00f3prio socialismo estavam de regresso.<\/p>\n<p>A certa altura ouvi dois estampidos e desci para a entrada do Museu a fim de espreitar o que acontecia l\u00e1 fora.<\/p>\n","protected":false},"featured_media":5422,"template":"","meta":{"_monsterinsights_skip_tracking":false,"_monsterinsights_sitenote_active":false,"_monsterinsights_sitenote_note":"","_monsterinsights_sitenote_category":0},"product_cat":[105],"product_tag":[],"class_list":{"0":"post-5420","1":"product","2":"type-product","3":"status-publish","4":"has-post-thumbnail","6":"product_cat-romance","7":"pa_book-author-joao-paulo-borges-coelho","9":"first","10":"outofstock","11":"shipping-taxable","12":"purchasable","13":"product-type-simple"},"_links":{"self":[{"href":"https:\/\/mabuko.co.mz\/site\/index.php?rest_route=\/wp\/v2\/product\/5420","targetHints":{"allow":["GET"]}}],"collection":[{"href":"https:\/\/mabuko.co.mz\/site\/index.php?rest_route=\/wp\/v2\/product"}],"about":[{"href":"https:\/\/mabuko.co.mz\/site\/index.php?rest_route=\/wp\/v2\/types\/product"}],"wp:featuredmedia":[{"embeddable":true,"href":"https:\/\/mabuko.co.mz\/site\/index.php?rest_route=\/wp\/v2\/media\/5422"}],"wp:attachment":[{"href":"https:\/\/mabuko.co.mz\/site\/index.php?rest_route=%2Fwp%2Fv2%2Fmedia&parent=5420"}],"wp:term":[{"taxonomy":"product_cat","embeddable":true,"href":"https:\/\/mabuko.co.mz\/site\/index.php?rest_route=%2Fwp%2Fv2%2Fproduct_cat&post=5420"},{"taxonomy":"product_tag","embeddable":true,"href":"https:\/\/mabuko.co.mz\/site\/index.php?rest_route=%2Fwp%2Fv2%2Fproduct_tag&post=5420"}],"curies":[{"name":"wp","href":"https:\/\/api.w.org\/{rel}","templated":true}]}}