{"id":5410,"date":"2022-07-21T11:34:49","date_gmt":"2022-07-21T11:34:49","guid":{"rendered":"https:\/\/mabuko.co.mz\/?post_type=product&#038;p=5410"},"modified":"2023-04-12T09:18:36","modified_gmt":"2023-04-12T09:18:36","slug":"rainha-da-noite","status":"publish","type":"product","link":"https:\/\/mabuko.co.mz\/site\/?product=rainha-da-noite","title":{"rendered":"RAINHA DA NOITE"},"content":{"rendered":"<p>Jo\u00e3o Paulo Borges Coelho<\/p>\n<p>9789024797349<\/p>\n","protected":false},"excerpt":{"rendered":"<p><strong>SINOPSE<\/strong><\/p>\n<p>Foi essa a primeira sensa\u00e7\u00e3o que tive: a sensa\u00e7\u00e3o de que chegava ao inferno. Ainda o comboio dava a volta colina, para entrar na esta\u00e7\u00e3o, e j\u00e1 eu suspirava:<br \/>\n\u00abMeu Deus, estou no inferno!\u00bb<br \/>\nNesse tempo, o comboio era ainda coisa rara.<br \/>\nA pequena comunidade branca esperava-o debaixo do avan\u00e7ado de zinco, junto \u00e0 torre da \u00e1gua, para se proteger da ferocidade do sol.<br \/>\nQuieta, mergulhada na sombra espessa mas tomada de uma grande excita\u00e7\u00e3o. Quanto aos negros, eram vultos im\u00f3veis espalhados ao acaso perto dos \u00faltimos metros de linha, como se a chegada do comboio tivesse o cond\u00e3o de neles provocar uma surpresa vaga.<\/p>\n<p>E era como se s\u00f3 com a composi\u00e7\u00e3o parada a paisagem pudesse retomar o movimento. Pompia-se ent\u00e3o aquele instante extraordin\u00e1rio e todos voltavam ao que os ocupava antes: os brancos corriam a espreitar pelas janelas e os outros retomavam a caminhada interrompida, refeitos do encantamento. \u2018Meu Deus, estou no inferno!\u2019<\/p>\n","protected":false},"featured_media":5414,"template":"","meta":{"_monsterinsights_skip_tracking":false,"_monsterinsights_sitenote_active":false,"_monsterinsights_sitenote_note":"","_monsterinsights_sitenote_category":0},"product_cat":[105],"product_tag":[],"class_list":{"0":"post-5410","1":"product","2":"type-product","3":"status-publish","4":"has-post-thumbnail","6":"product_cat-romance","7":"pa_book-author-joao-paulo-borges-coelho","9":"first","10":"outofstock","11":"shipping-taxable","12":"purchasable","13":"product-type-simple"},"_links":{"self":[{"href":"https:\/\/mabuko.co.mz\/site\/index.php?rest_route=\/wp\/v2\/product\/5410","targetHints":{"allow":["GET"]}}],"collection":[{"href":"https:\/\/mabuko.co.mz\/site\/index.php?rest_route=\/wp\/v2\/product"}],"about":[{"href":"https:\/\/mabuko.co.mz\/site\/index.php?rest_route=\/wp\/v2\/types\/product"}],"wp:featuredmedia":[{"embeddable":true,"href":"https:\/\/mabuko.co.mz\/site\/index.php?rest_route=\/wp\/v2\/media\/5414"}],"wp:attachment":[{"href":"https:\/\/mabuko.co.mz\/site\/index.php?rest_route=%2Fwp%2Fv2%2Fmedia&parent=5410"}],"wp:term":[{"taxonomy":"product_cat","embeddable":true,"href":"https:\/\/mabuko.co.mz\/site\/index.php?rest_route=%2Fwp%2Fv2%2Fproduct_cat&post=5410"},{"taxonomy":"product_tag","embeddable":true,"href":"https:\/\/mabuko.co.mz\/site\/index.php?rest_route=%2Fwp%2Fv2%2Fproduct_tag&post=5410"}],"curies":[{"name":"wp","href":"https:\/\/api.w.org\/{rel}","templated":true}]}}