{"id":5409,"date":"2022-07-21T10:33:19","date_gmt":"2022-07-21T10:33:19","guid":{"rendered":"https:\/\/mabuko.co.mz\/?post_type=product&#038;p=5409"},"modified":"2022-12-30T12:27:22","modified_gmt":"2022-12-30T12:27:22","slug":"agua-uma-novela-rural","status":"publish","type":"product","link":"https:\/\/mabuko.co.mz\/site\/?product=agua-uma-novela-rural","title":{"rendered":"\u00c1GUA Uma novela rural"},"content":{"rendered":"<p>Jo\u00e3o Paulo Borges Coelho<\/p>\n<p>9789024797455<\/p>\n","protected":false},"excerpt":{"rendered":"<p><strong>SINOPSE<\/strong><\/p>\n<p>Ryo e Laama prosseguem o estudo da \u00e1gua na concha de madeira. o secretario enviou umas quantas mulheres a buscar outras tantas latas daquela agua, o milicianos desentenderam-se entre si, mas isso agora pouco importa, pouco interessa aos velhos.<\/p>\n<p>Falam antes do Engenheiro, tentam perceber a obsess\u00e3o que tem por Maara, escondida atr\u00e1s do gesto de lhe oferecer a \u00e1gua.<\/p>\n","protected":false},"featured_media":5412,"template":"","meta":{"_monsterinsights_skip_tracking":false,"_monsterinsights_sitenote_active":false,"_monsterinsights_sitenote_note":"","_monsterinsights_sitenote_category":0},"product_cat":[105],"product_tag":[],"class_list":{"0":"post-5409","1":"product","2":"type-product","3":"status-publish","4":"has-post-thumbnail","6":"product_cat-romance","7":"pa_book-author-joao-paulo-borges-coelho","9":"first","10":"instock","11":"shipping-taxable","12":"purchasable","13":"product-type-simple"},"_links":{"self":[{"href":"https:\/\/mabuko.co.mz\/site\/index.php?rest_route=\/wp\/v2\/product\/5409","targetHints":{"allow":["GET"]}}],"collection":[{"href":"https:\/\/mabuko.co.mz\/site\/index.php?rest_route=\/wp\/v2\/product"}],"about":[{"href":"https:\/\/mabuko.co.mz\/site\/index.php?rest_route=\/wp\/v2\/types\/product"}],"wp:featuredmedia":[{"embeddable":true,"href":"https:\/\/mabuko.co.mz\/site\/index.php?rest_route=\/wp\/v2\/media\/5412"}],"wp:attachment":[{"href":"https:\/\/mabuko.co.mz\/site\/index.php?rest_route=%2Fwp%2Fv2%2Fmedia&parent=5409"}],"wp:term":[{"taxonomy":"product_cat","embeddable":true,"href":"https:\/\/mabuko.co.mz\/site\/index.php?rest_route=%2Fwp%2Fv2%2Fproduct_cat&post=5409"},{"taxonomy":"product_tag","embeddable":true,"href":"https:\/\/mabuko.co.mz\/site\/index.php?rest_route=%2Fwp%2Fv2%2Fproduct_tag&post=5409"}],"curies":[{"name":"wp","href":"https:\/\/api.w.org\/{rel}","templated":true}]}}