{"id":5407,"date":"2022-07-21T09:30:47","date_gmt":"2022-07-21T09:30:47","guid":{"rendered":"https:\/\/mabuko.co.mz\/?post_type=product&#038;p=5407"},"modified":"2022-12-30T12:28:32","modified_gmt":"2022-12-30T12:28:32","slug":"mocambique-acontece","status":"publish","type":"product","link":"https:\/\/mabuko.co.mz\/site\/?product=mocambique-acontece","title":{"rendered":"MO\u00c7AMBIQUE ACONTECE"},"content":{"rendered":"<p>Carlos Moura<\/p>\n<p>9789896111892<\/p>\n<p>Mozambique on the move<\/p>\n","protected":false},"excerpt":{"rendered":"<p><strong>SINOPSE<\/strong><\/p>\n<p>Mo\u00e7ambique acontece \u00e9 um livro que convida o leitor a conhecer uma terra hospitaleira, a conviver com um povo alegre e af\u00e1vel, a descobrir as suas belezas naturais e a testemunhar um desenvolvimento econ\u00f3mico que tem impulsionado o Pais para os caminhos do progresso e da moderniza\u00e7\u00e3o.<\/p>\n<p>Os temas abordados ao longo das suas paginas, com textos e imagens sugestivas, retratam a vida urbana e\u00a0 mundo rural no seu dia-a-dia , a industria, o comercio, a sa\u00fade, a educa\u00e7\u00e3o, a fauna e a flora, entre muitos outros.<\/p>\n<p><em>Mo\u00e7ambique acontece<\/em> \u00e9, em suma, um agrad\u00e1vel roteiro ilustrado que proporciona ao leitor informa\u00e7\u00e3o \u00fatil e actual para melhor conhecer um Mo\u00e7ambique que, de facto, acontece!<\/p>\n","protected":false},"featured_media":5418,"template":"","meta":{"_monsterinsights_skip_tracking":false,"_monsterinsights_sitenote_active":false,"_monsterinsights_sitenote_note":"","_monsterinsights_sitenote_category":0},"product_cat":[237],"product_tag":[],"class_list":{"0":"post-5407","1":"product","2":"type-product","3":"status-publish","4":"has-post-thumbnail","6":"product_cat-arte","7":"pa_book-author-carlos-moura","9":"first","10":"outofstock","11":"shipping-taxable","12":"purchasable","13":"product-type-simple"},"_links":{"self":[{"href":"https:\/\/mabuko.co.mz\/site\/index.php?rest_route=\/wp\/v2\/product\/5407","targetHints":{"allow":["GET"]}}],"collection":[{"href":"https:\/\/mabuko.co.mz\/site\/index.php?rest_route=\/wp\/v2\/product"}],"about":[{"href":"https:\/\/mabuko.co.mz\/site\/index.php?rest_route=\/wp\/v2\/types\/product"}],"wp:featuredmedia":[{"embeddable":true,"href":"https:\/\/mabuko.co.mz\/site\/index.php?rest_route=\/wp\/v2\/media\/5418"}],"wp:attachment":[{"href":"https:\/\/mabuko.co.mz\/site\/index.php?rest_route=%2Fwp%2Fv2%2Fmedia&parent=5407"}],"wp:term":[{"taxonomy":"product_cat","embeddable":true,"href":"https:\/\/mabuko.co.mz\/site\/index.php?rest_route=%2Fwp%2Fv2%2Fproduct_cat&post=5407"},{"taxonomy":"product_tag","embeddable":true,"href":"https:\/\/mabuko.co.mz\/site\/index.php?rest_route=%2Fwp%2Fv2%2Fproduct_tag&post=5407"}],"curies":[{"name":"wp","href":"https:\/\/api.w.org\/{rel}","templated":true}]}}