{"id":5397,"date":"2022-07-21T08:21:15","date_gmt":"2022-07-21T08:21:15","guid":{"rendered":"https:\/\/mabuko.co.mz\/?post_type=product&#038;p=5397"},"modified":"2022-12-30T12:31:44","modified_gmt":"2022-12-30T12:31:44","slug":"ibo-a-casa-e-o-tempo","status":"publish","type":"product","link":"https:\/\/mabuko.co.mz\/site\/?product=ibo-a-casa-e-o-tempo","title":{"rendered":"IBO A CASA E O TEMPO"},"content":{"rendered":"<p>J\u00falio Carrilho<\/p>\n<p>9789896583064<\/p>\n","protected":false},"excerpt":{"rendered":"<p><strong>SINOPSE<\/strong><\/p>\n<p>Ao fim de muitos anos de tentar dirigir esta m\u00e1quina de pensar, que \u00e9 a Faculdade de Arquitectura e de Planeamento F\u00edsico, s\u00e3o trabalhos como este que me d\u00e3o alguma certeza de que, afinal, valeu a pena insistir na cria\u00e7\u00e3o de uma tradi\u00e7\u00e3o de pensamento, de uma atitude mental e de um esp\u00edrito de constante curiosidade e intransig\u00eancia intelectual e cient\u00edfica. Mas, e sobretudo, um esp\u00edrito aberto \u00e0 universalidade do saber que reconhece sem paternalismos as sofridas e sofisticadas ci\u00eancias da sobreviv\u00eancia e dos conhecimentos que se aprendem no leite da m\u00e3e, no exemplo do pai e no esfor\u00e7o da comunidade. S\u00f3 com estas armas mentais e com estes instrumentos emocionais se pode fazer justi\u00e7a a uma cultura que n\u00e3o se encaixa nos c\u00f3digos da escrita, da f\u00f3rmula abstracta e da erudi\u00e7\u00e3o livresca ou liter\u00e1ria.<\/p>\n","protected":false},"featured_media":5400,"template":"","meta":{"_monsterinsights_skip_tracking":false,"_monsterinsights_sitenote_active":false,"_monsterinsights_sitenote_note":"","_monsterinsights_sitenote_category":0},"product_cat":[237],"product_tag":[],"class_list":{"0":"post-5397","1":"product","2":"type-product","3":"status-publish","4":"has-post-thumbnail","6":"product_cat-arte","7":"pa_book-author-julio-carrilho","9":"first","10":"outofstock","11":"shipping-taxable","12":"purchasable","13":"product-type-simple"},"_links":{"self":[{"href":"https:\/\/mabuko.co.mz\/site\/index.php?rest_route=\/wp\/v2\/product\/5397","targetHints":{"allow":["GET"]}}],"collection":[{"href":"https:\/\/mabuko.co.mz\/site\/index.php?rest_route=\/wp\/v2\/product"}],"about":[{"href":"https:\/\/mabuko.co.mz\/site\/index.php?rest_route=\/wp\/v2\/types\/product"}],"wp:featuredmedia":[{"embeddable":true,"href":"https:\/\/mabuko.co.mz\/site\/index.php?rest_route=\/wp\/v2\/media\/5400"}],"wp:attachment":[{"href":"https:\/\/mabuko.co.mz\/site\/index.php?rest_route=%2Fwp%2Fv2%2Fmedia&parent=5397"}],"wp:term":[{"taxonomy":"product_cat","embeddable":true,"href":"https:\/\/mabuko.co.mz\/site\/index.php?rest_route=%2Fwp%2Fv2%2Fproduct_cat&post=5397"},{"taxonomy":"product_tag","embeddable":true,"href":"https:\/\/mabuko.co.mz\/site\/index.php?rest_route=%2Fwp%2Fv2%2Fproduct_tag&post=5397"}],"curies":[{"name":"wp","href":"https:\/\/api.w.org\/{rel}","templated":true}]}}