{"id":5393,"date":"2022-07-21T07:49:40","date_gmt":"2022-07-21T07:49:40","guid":{"rendered":"https:\/\/mabuko.co.mz\/?post_type=product&#038;p=5393"},"modified":"2022-12-30T12:39:30","modified_gmt":"2022-12-30T12:39:30","slug":"as-africas-de-pancho-guedes","status":"publish","type":"product","link":"https:\/\/mabuko.co.mz\/site\/?product=as-africas-de-pancho-guedes","title":{"rendered":"AS \u00c1FRICAS DE PANCHO GUEDES"},"content":{"rendered":"<p>Am\u00e2ncio Guedes<\/p>\n<p>9789896760403<\/p>\n","protected":false},"excerpt":{"rendered":"<p><strong>SINOPSE<\/strong><\/p>\n<p>\u00abUm mundo de aventura \u00e9 o que nos sugere a colec\u00e7\u00e3o de arte e artesanato africanos de Pancho Guedes. Reunidas ao longo de uma intensa vida vivida em \u00c1frica, criando e ajudando a criar algumas das obras mais importantes da segunda metade do s\u00e9culo XX no campo da Arquitectura, da Pintura e da Escultura, estas obras s\u00e3o o reflexo da forma participativa e viva com que Pancho Guedes as foi acumulando.\u00bb Da apresenta\u00e7\u00e3o de Ant\u00f3nio Costa, presidente da CML.<br \/>\nCriado em parceria com a C\u00e2mara Municipal de Lisboa, este livro bilingue acompanha a exposi\u00e7\u00e3o no Mercado de Santa Clara entre 17 de Dezembro e 3 de Mar\u00e7o de 2011.<\/p>\n","protected":false},"featured_media":5394,"template":"","meta":{"_monsterinsights_skip_tracking":false,"_monsterinsights_sitenote_active":false,"_monsterinsights_sitenote_note":"","_monsterinsights_sitenote_category":0},"product_cat":[237],"product_tag":[],"class_list":{"0":"post-5393","1":"product","2":"type-product","3":"status-publish","4":"has-post-thumbnail","6":"product_cat-arte","7":"pa_book-author-amancio-guedes","9":"first","10":"outofstock","11":"shipping-taxable","12":"purchasable","13":"product-type-simple"},"_links":{"self":[{"href":"https:\/\/mabuko.co.mz\/site\/index.php?rest_route=\/wp\/v2\/product\/5393","targetHints":{"allow":["GET"]}}],"collection":[{"href":"https:\/\/mabuko.co.mz\/site\/index.php?rest_route=\/wp\/v2\/product"}],"about":[{"href":"https:\/\/mabuko.co.mz\/site\/index.php?rest_route=\/wp\/v2\/types\/product"}],"wp:featuredmedia":[{"embeddable":true,"href":"https:\/\/mabuko.co.mz\/site\/index.php?rest_route=\/wp\/v2\/media\/5394"}],"wp:attachment":[{"href":"https:\/\/mabuko.co.mz\/site\/index.php?rest_route=%2Fwp%2Fv2%2Fmedia&parent=5393"}],"wp:term":[{"taxonomy":"product_cat","embeddable":true,"href":"https:\/\/mabuko.co.mz\/site\/index.php?rest_route=%2Fwp%2Fv2%2Fproduct_cat&post=5393"},{"taxonomy":"product_tag","embeddable":true,"href":"https:\/\/mabuko.co.mz\/site\/index.php?rest_route=%2Fwp%2Fv2%2Fproduct_tag&post=5393"}],"curies":[{"name":"wp","href":"https:\/\/api.w.org\/{rel}","templated":true}]}}