{"id":5382,"date":"2022-07-20T14:33:46","date_gmt":"2022-07-20T14:33:46","guid":{"rendered":"https:\/\/mabuko.co.mz\/?post_type=product&#038;p=5382"},"modified":"2023-02-14T12:33:45","modified_gmt":"2023-02-14T12:33:45","slug":"arte-e-artistas-em-mocambique-diferentes-geracoes-e-modernidades","status":"publish","type":"product","link":"https:\/\/mabuko.co.mz\/site\/?product=arte-e-artistas-em-mocambique-diferentes-geracoes-e-modernidades","title":{"rendered":"ARTE E ARTISTAS EM MO\u00c7AMBIQUE  Diferentes gera\u00e7\u00f5es e modernidades"},"content":{"rendered":"","protected":false},"excerpt":{"rendered":"<p><strong>SINOPSE<\/strong><\/p>\n<p>Num relativamente curto espa\u00e7o de tempo desaparecem do mundo dos vivos e da cena art\u00edstica de Mo\u00e7ambique diversos artistas que integravam uma gera\u00e7\u00e3o fundadora que come\u00e7ou a afirmar-se num contexto de polaridade entre o colonizador e o colonizado mas tamb\u00e9m produto de um contexto insuper\u00e1vel das rela\u00e7\u00f5es que, entre um e outro, se estabeleceram. Uma gera\u00e7\u00e3o de artistas modernos mo\u00e7ambicanos &#8230;que influenciou profundamente os artistas e o ambiente art\u00edstico do p\u00f3s-independ\u00eancia (1975) e marcou diversos artistas das gera\u00e7\u00f5es seguintes &#8230; Todos eles fazem parte de uma mesma hist\u00f3ria\u00a0que aqui \u00e9 contada.<\/p>\n","protected":false},"featured_media":0,"template":"","meta":{"_monsterinsights_skip_tracking":false,"_monsterinsights_sitenote_active":false,"_monsterinsights_sitenote_note":"","_monsterinsights_sitenote_category":0},"product_cat":[237],"product_tag":[],"class_list":{"0":"post-5382","1":"product","2":"type-product","3":"status-publish","5":"product_cat-arte","6":"pa_book-author-alda-costa","8":"first","9":"outofstock","10":"shipping-taxable","11":"purchasable","12":"product-type-simple"},"_links":{"self":[{"href":"https:\/\/mabuko.co.mz\/site\/index.php?rest_route=\/wp\/v2\/product\/5382","targetHints":{"allow":["GET"]}}],"collection":[{"href":"https:\/\/mabuko.co.mz\/site\/index.php?rest_route=\/wp\/v2\/product"}],"about":[{"href":"https:\/\/mabuko.co.mz\/site\/index.php?rest_route=\/wp\/v2\/types\/product"}],"wp:attachment":[{"href":"https:\/\/mabuko.co.mz\/site\/index.php?rest_route=%2Fwp%2Fv2%2Fmedia&parent=5382"}],"wp:term":[{"taxonomy":"product_cat","embeddable":true,"href":"https:\/\/mabuko.co.mz\/site\/index.php?rest_route=%2Fwp%2Fv2%2Fproduct_cat&post=5382"},{"taxonomy":"product_tag","embeddable":true,"href":"https:\/\/mabuko.co.mz\/site\/index.php?rest_route=%2Fwp%2Fv2%2Fproduct_tag&post=5382"}],"curies":[{"name":"wp","href":"https:\/\/api.w.org\/{rel}","templated":true}]}}