{"id":5367,"date":"2022-07-20T13:19:44","date_gmt":"2022-07-20T13:19:44","guid":{"rendered":"https:\/\/mabuko.co.mz\/?post_type=product&#038;p=5367"},"modified":"2022-12-30T12:44:15","modified_gmt":"2022-12-30T12:44:15","slug":"obscuritas","status":"publish","type":"product","link":"https:\/\/mabuko.co.mz\/site\/?product=obscuritas","title":{"rendered":"OBSCURITAS"},"content":{"rendered":"<p>David Lagercrantz<\/p>\n<p>9789720034519<\/p>\n","protected":false},"excerpt":{"rendered":"<p><strong>SINOPSE<\/strong><\/p>\n<p>Estamos no ver\u00e3o de 2003 e os Estados Unidos acabaram de invadir o Iraque. Em Estocolmo, um \u00e1rbitro de futebol de origem afeg\u00e3 \u00e9 assassinado. Giuseppe Costa, o pai de um dos jogadores, \u00e9 preso pelo crime. No entanto, Costa insiste na sua inoc\u00eancia e a Pol\u00edcia decide consultar o Professor Hans Rekke, um especialista em t\u00e9cnicas de interrogat\u00f3rio reconhecido mundialmente.<\/p>\n<p>Mas nada acontece como era esperado. Com um admir\u00e1vel racioc\u00ednio, Rekke descarta por completo a investiga\u00e7\u00e3o preliminar, fazendo desmoronar todo o caso. Costa \u00e9 libertado e a Pol\u00edcia n\u00e3o sabe que caminho seguir. Contudo, Micaela Vargas, uma jovem agente entretanto afastada do processo, n\u00e3o baixa os bra\u00e7os e volta a procurar o Professor, por\u00e9m ele n\u00e3o atende nem retribui as suas chamadas.<\/p>\n<p>Uma circunst\u00e2ncia ins\u00f3lita e dram\u00e1tica, contudo, juntar\u00e1 uma vez mais esta dupla singular, agora decidida a retomar o enigm\u00e1tico caso que acaba por conduzi-los a uma ca\u00e7a ao terrorista levada a cabo pela CIA e \u00e0 guerra dos talib\u00e3s contra a m\u00fasica.<\/p>\n<p>Afinal quem era aquele \u00e1rbitro? Uma v\u00edtima ou um criminoso?<\/p>\n","protected":false},"featured_media":5369,"template":"","meta":{"_monsterinsights_skip_tracking":false,"_monsterinsights_sitenote_active":false,"_monsterinsights_sitenote_note":"","_monsterinsights_sitenote_category":0},"product_cat":[105],"product_tag":[],"class_list":{"0":"post-5367","1":"product","2":"type-product","3":"status-publish","4":"has-post-thumbnail","6":"product_cat-romance","7":"pa_book-author-david-lagercrantz","9":"first","10":"outofstock","11":"shipping-taxable","12":"purchasable","13":"product-type-simple"},"_links":{"self":[{"href":"https:\/\/mabuko.co.mz\/site\/index.php?rest_route=\/wp\/v2\/product\/5367","targetHints":{"allow":["GET"]}}],"collection":[{"href":"https:\/\/mabuko.co.mz\/site\/index.php?rest_route=\/wp\/v2\/product"}],"about":[{"href":"https:\/\/mabuko.co.mz\/site\/index.php?rest_route=\/wp\/v2\/types\/product"}],"wp:featuredmedia":[{"embeddable":true,"href":"https:\/\/mabuko.co.mz\/site\/index.php?rest_route=\/wp\/v2\/media\/5369"}],"wp:attachment":[{"href":"https:\/\/mabuko.co.mz\/site\/index.php?rest_route=%2Fwp%2Fv2%2Fmedia&parent=5367"}],"wp:term":[{"taxonomy":"product_cat","embeddable":true,"href":"https:\/\/mabuko.co.mz\/site\/index.php?rest_route=%2Fwp%2Fv2%2Fproduct_cat&post=5367"},{"taxonomy":"product_tag","embeddable":true,"href":"https:\/\/mabuko.co.mz\/site\/index.php?rest_route=%2Fwp%2Fv2%2Fproduct_tag&post=5367"}],"curies":[{"name":"wp","href":"https:\/\/api.w.org\/{rel}","templated":true}]}}