{"id":5359,"date":"2022-07-20T12:18:14","date_gmt":"2022-07-20T12:18:14","guid":{"rendered":"https:\/\/mabuko.co.mz\/?post_type=product&#038;p=5359"},"modified":"2022-12-30T10:00:35","modified_gmt":"2022-12-30T10:00:35","slug":"o-livro-da-saudade","status":"publish","type":"product","link":"https:\/\/mabuko.co.mz\/site\/?product=o-livro-da-saudade","title":{"rendered":"O LIVRO DA SAUDADE"},"content":{"rendered":"<p>Sue Monk Kidd<\/p>\n<p>9789897105043<\/p>\n","protected":false},"excerpt":{"rendered":"<p><strong>SINOPSE<\/strong><\/p>\n<p>Criada numa fam\u00edlia rica de S\u00e9foris, Ana \u00e9 uma jovem rebelde com uma mente brilhante e um esp\u00edrito ousado. Ela estuda em segredo e escreve hist\u00f3rias sobre as mulheres da sua \u00e9poca, negligenciadas e silenciadas. At\u00e9 que um encontro casual com Jesus muda tudo: o pacifista que se op\u00f5e ao dom\u00ednio de Roma e que ajuda os pobres e as prostitutas cativa Ana, que abandona tudo para viver com ele em Nazar\u00e9.<\/p>\n<p>Contudo, os desejos reprimidos que Ana guarda dentro de si colocam-na em perigo. Durante a turbulenta resist\u00eancia \u00e0 ocupa\u00e7\u00e3o de Israel por Roma, ela \u00e9 for\u00e7ada a fugir para Alexandria, onde revela\u00e7\u00f5es surpreendentes, perigos ainda maiores e um ambiente inesperado a aguardam. Ana determina o seu pr\u00f3prio destino durante uma excepcional converg\u00eancia de acontecimentos, decisivos para a Hist\u00f3ria da Humanidade.<\/p>\n<p>Com base em pesquisa meticulosa e escrito com uma abordagem reverente da vida de Jesus que real\u00e7a a sua natureza humana, O Livro da Saudade \u00e9 o relato da luta corajosa de uma mulher para seguir as suas paix\u00f5es e fazer ouvir a sua voz num tempo, lugar e cultura projectados para a silenciar.<\/p>\n","protected":false},"featured_media":5360,"template":"","meta":{"_monsterinsights_skip_tracking":false,"_monsterinsights_sitenote_active":false,"_monsterinsights_sitenote_note":"","_monsterinsights_sitenote_category":0},"product_cat":[105],"product_tag":[],"class_list":{"0":"post-5359","1":"product","2":"type-product","3":"status-publish","4":"has-post-thumbnail","6":"product_cat-romance","7":"pa_book-author-sue-monk-kidd","9":"first","10":"instock","11":"shipping-taxable","12":"purchasable","13":"product-type-simple"},"_links":{"self":[{"href":"https:\/\/mabuko.co.mz\/site\/index.php?rest_route=\/wp\/v2\/product\/5359","targetHints":{"allow":["GET"]}}],"collection":[{"href":"https:\/\/mabuko.co.mz\/site\/index.php?rest_route=\/wp\/v2\/product"}],"about":[{"href":"https:\/\/mabuko.co.mz\/site\/index.php?rest_route=\/wp\/v2\/types\/product"}],"wp:featuredmedia":[{"embeddable":true,"href":"https:\/\/mabuko.co.mz\/site\/index.php?rest_route=\/wp\/v2\/media\/5360"}],"wp:attachment":[{"href":"https:\/\/mabuko.co.mz\/site\/index.php?rest_route=%2Fwp%2Fv2%2Fmedia&parent=5359"}],"wp:term":[{"taxonomy":"product_cat","embeddable":true,"href":"https:\/\/mabuko.co.mz\/site\/index.php?rest_route=%2Fwp%2Fv2%2Fproduct_cat&post=5359"},{"taxonomy":"product_tag","embeddable":true,"href":"https:\/\/mabuko.co.mz\/site\/index.php?rest_route=%2Fwp%2Fv2%2Fproduct_tag&post=5359"}],"curies":[{"name":"wp","href":"https:\/\/api.w.org\/{rel}","templated":true}]}}