{"id":5357,"date":"2022-07-20T12:08:41","date_gmt":"2022-07-20T12:08:41","guid":{"rendered":"https:\/\/mabuko.co.mz\/?post_type=product&#038;p=5357"},"modified":"2022-12-30T10:01:32","modified_gmt":"2022-12-30T10:01:32","slug":"as-joias-de-tessa-kente","status":"publish","type":"product","link":"https:\/\/mabuko.co.mz\/site\/?product=as-joias-de-tessa-kente","title":{"rendered":"AS JOIAS DE TESSA KENT"},"content":{"rendered":"<p>Judith Krantz<\/p>\n<p>9789892347233<\/p>\n","protected":false},"excerpt":{"rendered":"<p><strong>SINOPSE<\/strong><\/p>\n<p>Tessa Kent tem catorze anos quando d\u00e1 \u00e0 luz uma beb\u00e9. A pequena Maggie amea\u00e7a ser um obst\u00e1culo \u00e0 sua ambi\u00e7\u00e3o de se tornar actriz e \u00e9 considerada uma afronta pelos seus pais, cat\u00f3licos devotos. Mas ser\u00e3o estes a evitar o esc\u00e2ndalo, ao aceitarem criar Maggie como se fosse filha deles. Bela e talentosa, Tessa fica livre e inicia ent\u00e3o um mete\u00f3rico percurso rumo ao estrelado.<\/p>\n<p>Enquanto isso, Maggie vai crescendo, sempre ansiosa pelas raras visitas da glamorosa\u00a0<i>irm\u00e3<\/i>. A pequena vai sofrer um duplo desgosto quando &#8211; ap\u00f3s a morte inesperada dos\u00a0<i>pais<\/i>\u00a0num acidente de carro &#8211; Tessa a entrega a um parente afastado. Mas o pior golpe \u00e9 desferido no dia em celebra dezoito anos e recebe uma carta que revela toda a verdade. Maggie decide renegar Tessa para sempre.<\/p>\n<p>Cinco anos depois, Tessa est\u00e1 desesperada. N\u00e3o suporta viver sem a filha. S\u00f3 h\u00e1 uma coisa a fazer: uma vez que Maggie trabalha na leiloeira Scott &amp; Scott, a fabulosa actriz decide leiloar a sua valiosa Colec\u00e7\u00e3o de j\u00f3ias. A \u00fanica condi\u00e7\u00e3o? Ter\u00e1 de ser Maggie a trabalhar com ela\u2026<\/p>\n<p>Com o glamour de Hollywood e a eleg\u00e2ncia da elite nova-iorquina como pano de fundo, As Joias de Tessa Kent conta-nos a hist\u00f3ria de duas mulheres unidas pelo sangue e separadas pela ambi\u00e7\u00e3o. Um romance prodigioso.<\/p>\n","protected":false},"featured_media":5358,"template":"","meta":{"_monsterinsights_skip_tracking":false,"_monsterinsights_sitenote_active":false,"_monsterinsights_sitenote_note":"","_monsterinsights_sitenote_category":0},"product_cat":[105],"product_tag":[],"class_list":{"0":"post-5357","1":"product","2":"type-product","3":"status-publish","4":"has-post-thumbnail","6":"product_cat-romance","7":"pa_book-author-judith-krantz","9":"first","10":"instock","11":"shipping-taxable","12":"purchasable","13":"product-type-simple"},"_links":{"self":[{"href":"https:\/\/mabuko.co.mz\/site\/index.php?rest_route=\/wp\/v2\/product\/5357","targetHints":{"allow":["GET"]}}],"collection":[{"href":"https:\/\/mabuko.co.mz\/site\/index.php?rest_route=\/wp\/v2\/product"}],"about":[{"href":"https:\/\/mabuko.co.mz\/site\/index.php?rest_route=\/wp\/v2\/types\/product"}],"wp:featuredmedia":[{"embeddable":true,"href":"https:\/\/mabuko.co.mz\/site\/index.php?rest_route=\/wp\/v2\/media\/5358"}],"wp:attachment":[{"href":"https:\/\/mabuko.co.mz\/site\/index.php?rest_route=%2Fwp%2Fv2%2Fmedia&parent=5357"}],"wp:term":[{"taxonomy":"product_cat","embeddable":true,"href":"https:\/\/mabuko.co.mz\/site\/index.php?rest_route=%2Fwp%2Fv2%2Fproduct_cat&post=5357"},{"taxonomy":"product_tag","embeddable":true,"href":"https:\/\/mabuko.co.mz\/site\/index.php?rest_route=%2Fwp%2Fv2%2Fproduct_tag&post=5357"}],"curies":[{"name":"wp","href":"https:\/\/api.w.org\/{rel}","templated":true}]}}