{"id":5352,"date":"2022-07-20T11:50:22","date_gmt":"2022-07-20T11:50:22","guid":{"rendered":"https:\/\/mabuko.co.mz\/?post_type=product&#038;p=5352"},"modified":"2022-12-30T10:04:03","modified_gmt":"2022-12-30T10:04:03","slug":"a-formula-de-deus","status":"publish","type":"product","link":"https:\/\/mabuko.co.mz\/site\/?product=a-formula-de-deus","title":{"rendered":"A F\u00d3RMULA DE DEUS"},"content":{"rendered":"<p>Jos\u00e9 Rodrigues dos Santos<\/p>\n<p>9789896161392<\/p>\n","protected":false},"excerpt":{"rendered":"<p><strong>SINOPSE<\/strong><\/p>\n<p>Nas escadarias do Museu Eg\u00edpcio em pleno Cairo, Tom\u00e1s Noronha \u00e9 abordado por uma desconhecida. Chama-se Ariana Pakravan, \u00e9 iraniana e traz consigo a c\u00f3pia de um documento in\u00e9dito, um velho manuscrito com um estranho t\u00edtulo e um poema enigm\u00e1tico.<\/p>\n<p>O inesperado encontro lan\u00e7a Tom\u00e1s numa empolgante aventura, colocando-o na rota da crise nuclear com o Ir\u00e3o e da mais importante descoberta jamais efectuada por Albert Einstein, um achado que o conduz ao maior de todos os mist\u00e9rios: a prova cient\u00edfica da exist\u00eancia de Deus.<\/p>\n<p>Uma hist\u00f3ria de amor, uma intriga de trai\u00e7\u00e3o, uma persegui\u00e7\u00e3o implac\u00e1vel, uma busca espiritual que nos leva \u00e0 mais espantosa revela\u00e7\u00e3o m\u00edstica de todos os tempos.<br \/>\nBaseada nas \u00faltimas e mais avan\u00e7adas descobertas cient\u00edficas nos campos da f\u00edsica, da cosmologia e da matem\u00e1tica,\u00a0<i>A F\u00f3rmula de Deus<\/i>\u00a0transporta-nos numa surpreendente viagem at\u00e9 \u00e0s origens do tempo, \u00e0 ess\u00eancia do universo e o sentido da vida.<\/p>\n","protected":false},"featured_media":5354,"template":"","meta":{"_monsterinsights_skip_tracking":false,"_monsterinsights_sitenote_active":false,"_monsterinsights_sitenote_note":"","_monsterinsights_sitenote_category":0},"product_cat":[105],"product_tag":[],"class_list":{"0":"post-5352","1":"product","2":"type-product","3":"status-publish","4":"has-post-thumbnail","6":"product_cat-romance","7":"pa_book-author-jose-rodrigues-dos-santos","9":"first","10":"instock","11":"shipping-taxable","12":"purchasable","13":"product-type-simple"},"_links":{"self":[{"href":"https:\/\/mabuko.co.mz\/site\/index.php?rest_route=\/wp\/v2\/product\/5352","targetHints":{"allow":["GET"]}}],"collection":[{"href":"https:\/\/mabuko.co.mz\/site\/index.php?rest_route=\/wp\/v2\/product"}],"about":[{"href":"https:\/\/mabuko.co.mz\/site\/index.php?rest_route=\/wp\/v2\/types\/product"}],"wp:featuredmedia":[{"embeddable":true,"href":"https:\/\/mabuko.co.mz\/site\/index.php?rest_route=\/wp\/v2\/media\/5354"}],"wp:attachment":[{"href":"https:\/\/mabuko.co.mz\/site\/index.php?rest_route=%2Fwp%2Fv2%2Fmedia&parent=5352"}],"wp:term":[{"taxonomy":"product_cat","embeddable":true,"href":"https:\/\/mabuko.co.mz\/site\/index.php?rest_route=%2Fwp%2Fv2%2Fproduct_cat&post=5352"},{"taxonomy":"product_tag","embeddable":true,"href":"https:\/\/mabuko.co.mz\/site\/index.php?rest_route=%2Fwp%2Fv2%2Fproduct_tag&post=5352"}],"curies":[{"name":"wp","href":"https:\/\/api.w.org\/{rel}","templated":true}]}}