{"id":5350,"date":"2022-07-20T11:35:32","date_gmt":"2022-07-20T11:35:32","guid":{"rendered":"https:\/\/mabuko.co.mz\/?post_type=product&#038;p=5350"},"modified":"2022-12-30T10:05:14","modified_gmt":"2022-12-30T10:05:14","slug":"a-linguagem-secreta-das-irmas","status":"publish","type":"product","link":"https:\/\/mabuko.co.mz\/site\/?product=a-linguagem-secreta-das-irmas","title":{"rendered":"A LINGUAGEM SECRETA DAS IRM\u00c3S"},"content":{"rendered":"<p>Luanne Rice<\/p>\n<p>9789897542374<\/p>\n","protected":false},"excerpt":{"rendered":"<p><strong>SINOPSE\u00a0<\/strong><\/p>\n<p>QUANDO A VIDA MUDA NUM SEGUNDO, S\u00d3 NOS RESTA O AMOR INCONDICIONAL.<\/p>\n<p>Quando Ruth Ann (Roo) McCabe, ao volante do seu carro, responde a uma mensagem de texto no telefone, a sua vida tal como era at\u00e9 ent\u00e3o termina. O carro capota e Roo acaba numa cama de hospital, paralisada. Silenciosa. Todos pensam que est\u00e1 em coma, mas Roo tem s\u00edndrome de encarceramento \u2013 consegue ver, ouvir e compreender tudo \u00e0 sua volta, mas ningu\u00e9m sabe.<br \/>\nMathilda (Tilly) \u00e9 a irm\u00e3 de Roo e a sua melhor amiga. Foi ela quem enviou a mensagem de texto a Roo e, inadvertidamente, causou o acidente. Tilly tem agora de lidar com a sua culpa avassaladora e com os seus sentimentos crescentes pelo namorado de Roo, Newton \u2013 a \u00fanica pessoa que parece perceber aquilo que Tilly est\u00e1 a passar.<br \/>\nMas Tilly pode ser a \u00fanica pessoa capaz de resolver o mist\u00e9rio da situa\u00e7\u00e3o da sua irm\u00e3 \u2013 aquela que consegue ver a verdade atrav\u00e9s do sil\u00eancio de Roo.<\/p>\n<p>De alguma forma, atrav\u00e9s da medicina ou dos milagres, ser\u00e1 que ambas as irm\u00e3s v\u00e3o encontrar uma maneira de recuperar?<\/p>\n","protected":false},"featured_media":5351,"template":"","meta":{"_monsterinsights_skip_tracking":false,"_monsterinsights_sitenote_active":false,"_monsterinsights_sitenote_note":"","_monsterinsights_sitenote_category":0},"product_cat":[105],"product_tag":[],"class_list":{"0":"post-5350","1":"product","2":"type-product","3":"status-publish","4":"has-post-thumbnail","6":"product_cat-romance","7":"pa_book-author-luanne-rice","9":"first","10":"instock","11":"shipping-taxable","12":"purchasable","13":"product-type-simple"},"_links":{"self":[{"href":"https:\/\/mabuko.co.mz\/site\/index.php?rest_route=\/wp\/v2\/product\/5350","targetHints":{"allow":["GET"]}}],"collection":[{"href":"https:\/\/mabuko.co.mz\/site\/index.php?rest_route=\/wp\/v2\/product"}],"about":[{"href":"https:\/\/mabuko.co.mz\/site\/index.php?rest_route=\/wp\/v2\/types\/product"}],"wp:featuredmedia":[{"embeddable":true,"href":"https:\/\/mabuko.co.mz\/site\/index.php?rest_route=\/wp\/v2\/media\/5351"}],"wp:attachment":[{"href":"https:\/\/mabuko.co.mz\/site\/index.php?rest_route=%2Fwp%2Fv2%2Fmedia&parent=5350"}],"wp:term":[{"taxonomy":"product_cat","embeddable":true,"href":"https:\/\/mabuko.co.mz\/site\/index.php?rest_route=%2Fwp%2Fv2%2Fproduct_cat&post=5350"},{"taxonomy":"product_tag","embeddable":true,"href":"https:\/\/mabuko.co.mz\/site\/index.php?rest_route=%2Fwp%2Fv2%2Fproduct_tag&post=5350"}],"curies":[{"name":"wp","href":"https:\/\/api.w.org\/{rel}","templated":true}]}}