{"id":5344,"date":"2022-07-20T10:37:07","date_gmt":"2022-07-20T10:37:07","guid":{"rendered":"https:\/\/mabuko.co.mz\/?post_type=product&#038;p=5344"},"modified":"2022-12-30T10:07:11","modified_gmt":"2022-12-30T10:07:11","slug":"a-forca-do-amor","status":"publish","type":"product","link":"https:\/\/mabuko.co.mz\/site\/?product=a-forca-do-amor","title":{"rendered":"A FOR\u00c7A DO AMOR"},"content":{"rendered":"<p>Angela Hart<\/p>\n<p>9789897544019<\/p>\n","protected":false},"excerpt":{"rendered":"<p><strong>SINOPSE<\/strong><\/p>\n<p>Keeley, de oito anos de idade, parece a menina mais doce do mundo, mas os dem\u00f3nios do passado tornam o seu comportamento longe de angelical.<\/p>\n<p>Ela faz com que Angela, a sua m\u00e3e de acolhimento, passe por momentos muito exigentes e dif\u00edceis enquanto trava batalhas di\u00e1rias contra os seus problemas psicol\u00f3gicos profundamente arraigados.<\/p>\n<p>Conseguir\u00e1 o amor e o cuidado especializado de Angela e do seu marido, Jonathan, ajudar Keeley a triunfar contra todas as probabilidades?<\/p>\n","protected":false},"featured_media":5345,"template":"","meta":{"_monsterinsights_skip_tracking":false,"_monsterinsights_sitenote_active":false,"_monsterinsights_sitenote_note":"","_monsterinsights_sitenote_category":0},"product_cat":[105],"product_tag":[],"class_list":{"0":"post-5344","1":"product","2":"type-product","3":"status-publish","4":"has-post-thumbnail","6":"product_cat-romance","7":"pa_book-author-angela-hart","9":"first","10":"instock","11":"shipping-taxable","12":"purchasable","13":"product-type-simple"},"_links":{"self":[{"href":"https:\/\/mabuko.co.mz\/site\/index.php?rest_route=\/wp\/v2\/product\/5344","targetHints":{"allow":["GET"]}}],"collection":[{"href":"https:\/\/mabuko.co.mz\/site\/index.php?rest_route=\/wp\/v2\/product"}],"about":[{"href":"https:\/\/mabuko.co.mz\/site\/index.php?rest_route=\/wp\/v2\/types\/product"}],"wp:featuredmedia":[{"embeddable":true,"href":"https:\/\/mabuko.co.mz\/site\/index.php?rest_route=\/wp\/v2\/media\/5345"}],"wp:attachment":[{"href":"https:\/\/mabuko.co.mz\/site\/index.php?rest_route=%2Fwp%2Fv2%2Fmedia&parent=5344"}],"wp:term":[{"taxonomy":"product_cat","embeddable":true,"href":"https:\/\/mabuko.co.mz\/site\/index.php?rest_route=%2Fwp%2Fv2%2Fproduct_cat&post=5344"},{"taxonomy":"product_tag","embeddable":true,"href":"https:\/\/mabuko.co.mz\/site\/index.php?rest_route=%2Fwp%2Fv2%2Fproduct_tag&post=5344"}],"curies":[{"name":"wp","href":"https:\/\/api.w.org\/{rel}","templated":true}]}}