{"id":5342,"date":"2022-07-20T10:31:48","date_gmt":"2022-07-20T10:31:48","guid":{"rendered":"https:\/\/mabuko.co.mz\/?post_type=product&#038;p=5342"},"modified":"2022-12-30T10:08:09","modified_gmt":"2022-12-30T10:08:09","slug":"a-mulher-de-cabelo-ruivo","status":"publish","type":"product","link":"https:\/\/mabuko.co.mz\/site\/?product=a-mulher-de-cabelo-ruivo","title":{"rendered":"A MULHER DE CABELO RUIVO"},"content":{"rendered":"<p>Orhan Pamuk<\/p>\n<p>9789722362108<\/p>\n","protected":false},"excerpt":{"rendered":"<p><strong>SINOPSE<\/strong><\/p>\n<div class=\"wells\">\n<div id=\"productPageSectionAboutBook-sinopse\" class=\"right-text\">\n<p>Perto de uma pequena cidade nos arredores de Istambul, um escavador de po\u00e7os e o seu aprendiz s\u00e3o contratados para procurar \u00e1gua num terreno baldio. \u00c0 medida que escavam o po\u00e7o, metro a metro, sob um calor abrasador, vai-se desenvolvendo uma forte liga\u00e7\u00e3o entre ambos, como se fossem pai e filho, de uma forma nunca antes sentida quer pelo homem de meia-idade e fracos recursos quer pelo rapaz, de uma fam\u00edlia da classe m\u00e9dia, cujo pai desaparecera ap\u00f3s ter sido detido por envolvimento em actividades pol\u00edticas subversivas.<\/p>\n<p>Os dois trocam hist\u00f3rias que refletem diferentes vis\u00f5es do mundo e acabam por depender um do outro. Mas na cidade, onde se abastecem de provis\u00f5es e onde procuram distrair-se ao final do dia, o rapaz encontra uma atrac\u00e7\u00e3o irresist\u00edvel. A Mulher de Cabelo Ruivo, uma artista encantadora ligada a uma companhia de teatro itinerante, atrai o seu olhar e parece igualmente fascinada por ele. o maior sonho do rapaz \u00e9 realizado e, obcecado com este arrebatamento, esquece o escavador que vem a sofrer um acidente. o rapaz parte de regresso a Istambul e somente anos depois sabe qual o destino do seu mestre, e descobre finalmente quem era a misteriosa mulher de cabelo ruivo.<\/p>\n<p>Uma envolvente hist\u00f3ria de amor, la\u00e7os familiares e mist\u00e9rio, tradi\u00e7\u00e3o e modernidade, escrita por um dos maiores escritores do nosso tempo.<\/p>\n<\/div>\n<\/div>\n<div class=\"wells\">\n<div id=\"productPageSectionPressCriticism-criticismTitle\" class=\"right-title\"><\/div>\n<\/div>\n","protected":false},"featured_media":5343,"template":"","meta":{"_monsterinsights_skip_tracking":false,"_monsterinsights_sitenote_active":false,"_monsterinsights_sitenote_note":"","_monsterinsights_sitenote_category":0},"product_cat":[105],"product_tag":[],"class_list":{"0":"post-5342","1":"product","2":"type-product","3":"status-publish","4":"has-post-thumbnail","6":"product_cat-romance","7":"pa_book-author-orhan-pamuk","9":"first","10":"instock","11":"shipping-taxable","12":"purchasable","13":"product-type-simple"},"_links":{"self":[{"href":"https:\/\/mabuko.co.mz\/site\/index.php?rest_route=\/wp\/v2\/product\/5342","targetHints":{"allow":["GET"]}}],"collection":[{"href":"https:\/\/mabuko.co.mz\/site\/index.php?rest_route=\/wp\/v2\/product"}],"about":[{"href":"https:\/\/mabuko.co.mz\/site\/index.php?rest_route=\/wp\/v2\/types\/product"}],"wp:featuredmedia":[{"embeddable":true,"href":"https:\/\/mabuko.co.mz\/site\/index.php?rest_route=\/wp\/v2\/media\/5343"}],"wp:attachment":[{"href":"https:\/\/mabuko.co.mz\/site\/index.php?rest_route=%2Fwp%2Fv2%2Fmedia&parent=5342"}],"wp:term":[{"taxonomy":"product_cat","embeddable":true,"href":"https:\/\/mabuko.co.mz\/site\/index.php?rest_route=%2Fwp%2Fv2%2Fproduct_cat&post=5342"},{"taxonomy":"product_tag","embeddable":true,"href":"https:\/\/mabuko.co.mz\/site\/index.php?rest_route=%2Fwp%2Fv2%2Fproduct_tag&post=5342"}],"curies":[{"name":"wp","href":"https:\/\/api.w.org\/{rel}","templated":true}]}}