{"id":5340,"date":"2022-07-20T10:25:28","date_gmt":"2022-07-20T10:25:28","guid":{"rendered":"https:\/\/mabuko.co.mz\/?post_type=product&#038;p=5340"},"modified":"2022-12-30T10:09:19","modified_gmt":"2022-12-30T10:09:19","slug":"lockdown-inimigo-invisivel","status":"publish","type":"product","link":"https:\/\/mabuko.co.mz\/site\/?product=lockdown-inimigo-invisivel","title":{"rendered":"LOCKDOWN Inimigo Invis\u00edvel"},"content":{"rendered":"<p>Peter May<\/p>\n<p>9789897544545<\/p>\n","protected":false},"excerpt":{"rendered":"<p><strong>SINOPSE<\/strong><\/p>\n<p>Escrito h\u00e1 mais de quinze anos, este thriller presciente e cheio de suspense decorre numa cidade em quarentena e explora a experi\u00eancia humana sob o dom\u00ednio de um v\u00edrus assassino.<\/p>\n<p>Londres \u00e9 o epicentro de uma pandemia global e a cidade est\u00e1 completamente confinada. a viol\u00eancia e a agita\u00e7\u00e3o espreitam por toda a parte e ningu\u00e9m se encontra a salvo do v\u00edrus mortal que j\u00e1 ceifou milhares de vidas. Os hospitais est\u00e3o sobre-lotados e os servi\u00e7os de emerg\u00eancia s\u00e3o impotentes.<\/p>\n<p>O inspector Jack MacNeil demitiu-se da pol\u00edcia, est\u00e1 divorciado e preocupado com o filho, que parece ter contra\u00eddo o v\u00edrus. No seu \u00faltimo dia de trabalho, \u00e9 ainda enviado para resolver o homic\u00eddio de uma crian\u00e7a, aparentemente relacionado com um saco de ossos encontrado na obra de um hospital de emerg\u00eancia. O culpado cruel faz tudo o que pode para frustrar MacNeil e a corrida contra o tempo come\u00e7a numa Londres em confinamento.<\/p>\n<p>Quem deter\u00e1 MacNeil primeiro: o v\u00edrus ou o assassino?<\/p>\n","protected":false},"featured_media":5341,"template":"","meta":{"_monsterinsights_skip_tracking":false,"_monsterinsights_sitenote_active":false,"_monsterinsights_sitenote_note":"","_monsterinsights_sitenote_category":0},"product_cat":[103],"product_tag":[],"class_list":{"0":"post-5340","1":"product","2":"type-product","3":"status-publish","4":"has-post-thumbnail","6":"product_cat-literatura","7":"pa_book-author-peter-may","9":"first","10":"outofstock","11":"shipping-taxable","12":"purchasable","13":"product-type-simple"},"_links":{"self":[{"href":"https:\/\/mabuko.co.mz\/site\/index.php?rest_route=\/wp\/v2\/product\/5340","targetHints":{"allow":["GET"]}}],"collection":[{"href":"https:\/\/mabuko.co.mz\/site\/index.php?rest_route=\/wp\/v2\/product"}],"about":[{"href":"https:\/\/mabuko.co.mz\/site\/index.php?rest_route=\/wp\/v2\/types\/product"}],"wp:featuredmedia":[{"embeddable":true,"href":"https:\/\/mabuko.co.mz\/site\/index.php?rest_route=\/wp\/v2\/media\/5341"}],"wp:attachment":[{"href":"https:\/\/mabuko.co.mz\/site\/index.php?rest_route=%2Fwp%2Fv2%2Fmedia&parent=5340"}],"wp:term":[{"taxonomy":"product_cat","embeddable":true,"href":"https:\/\/mabuko.co.mz\/site\/index.php?rest_route=%2Fwp%2Fv2%2Fproduct_cat&post=5340"},{"taxonomy":"product_tag","embeddable":true,"href":"https:\/\/mabuko.co.mz\/site\/index.php?rest_route=%2Fwp%2Fv2%2Fproduct_tag&post=5340"}],"curies":[{"name":"wp","href":"https:\/\/api.w.org\/{rel}","templated":true}]}}