{"id":5338,"date":"2022-07-20T10:19:39","date_gmt":"2022-07-20T10:19:39","guid":{"rendered":"https:\/\/mabuko.co.mz\/?post_type=product&#038;p=5338"},"modified":"2022-12-30T10:10:22","modified_gmt":"2022-12-30T10:10:22","slug":"o-ultimo-peao","status":"publish","type":"product","link":"https:\/\/mabuko.co.mz\/site\/?product=o-ultimo-peao","title":{"rendered":"O \u00daLTIMO PE\u00c3O"},"content":{"rendered":"<p>Peter May<\/p>\n<p>9789897544781<\/p>\n","protected":false},"excerpt":{"rendered":"<div id=\"productPageSectionAboutBook-sinopseTitle\" class=\"right-title\"><strong>SINOPSE<\/strong><\/div>\n<div id=\"productPageSectionAboutBook-sinopse\" class=\"right-text\">\n<p>O cap\u00edtulo final da Trilogia Lewis<\/p>\n<p>A viver novamente na ilha de Lewis, o ex-inspector Fin McLeod trabalha como chefe de seguran\u00e7a para um propriet\u00e1rio de terras local. Ao investigar actividades ilegais na propriedade, Fin encontra Whistler Macaskill, o esquivo ca\u00e7ador furtivo e seu ex-amigo de inf\u00e2ncia.<\/p>\n<p>Enquanto Fin p\u00f5e a conversa em dia com Whistler, os dois testemunham um fen\u00f3meno natural anormal, uma ruptura pantanosa, que drena espontaneamente a \u00e1gua de um lago, revelando um pequeno avi\u00e3o coberto de lama com um nome doentiamente familiar.<\/p>\n<p>Os dois homens sabem de imediato que encontrar\u00e3o l\u00e1 dentro o corpo de Roddy Mackenzie, um amigo cujo voo desapareceu h\u00e1 mais de dezassete anos. Mas quando o rosto de Whistler n\u00e3o revela qualquer surpresa ou choque, um calafrio toma conta de Fin.<\/p>\n<p>Que segredo escondeu Whistler dele e de todos os outros na ilha?<\/p>\n<\/div>\n","protected":false},"featured_media":5339,"template":"","meta":{"_monsterinsights_skip_tracking":false,"_monsterinsights_sitenote_active":false,"_monsterinsights_sitenote_note":"","_monsterinsights_sitenote_category":0},"product_cat":[103],"product_tag":[],"class_list":{"0":"post-5338","1":"product","2":"type-product","3":"status-publish","4":"has-post-thumbnail","6":"product_cat-literatura","7":"pa_book-author-peter-may","9":"first","10":"instock","11":"shipping-taxable","12":"purchasable","13":"product-type-simple"},"_links":{"self":[{"href":"https:\/\/mabuko.co.mz\/site\/index.php?rest_route=\/wp\/v2\/product\/5338","targetHints":{"allow":["GET"]}}],"collection":[{"href":"https:\/\/mabuko.co.mz\/site\/index.php?rest_route=\/wp\/v2\/product"}],"about":[{"href":"https:\/\/mabuko.co.mz\/site\/index.php?rest_route=\/wp\/v2\/types\/product"}],"wp:featuredmedia":[{"embeddable":true,"href":"https:\/\/mabuko.co.mz\/site\/index.php?rest_route=\/wp\/v2\/media\/5339"}],"wp:attachment":[{"href":"https:\/\/mabuko.co.mz\/site\/index.php?rest_route=%2Fwp%2Fv2%2Fmedia&parent=5338"}],"wp:term":[{"taxonomy":"product_cat","embeddable":true,"href":"https:\/\/mabuko.co.mz\/site\/index.php?rest_route=%2Fwp%2Fv2%2Fproduct_cat&post=5338"},{"taxonomy":"product_tag","embeddable":true,"href":"https:\/\/mabuko.co.mz\/site\/index.php?rest_route=%2Fwp%2Fv2%2Fproduct_tag&post=5338"}],"curies":[{"name":"wp","href":"https:\/\/api.w.org\/{rel}","templated":true}]}}