{"id":5335,"date":"2022-07-20T10:05:04","date_gmt":"2022-07-20T10:05:04","guid":{"rendered":"https:\/\/mabuko.co.mz\/?post_type=product&#038;p=5335"},"modified":"2023-04-11T08:32:40","modified_gmt":"2023-04-11T08:32:40","slug":"tudo-o-que-somos-juntos-deixa-acontecer-2","status":"publish","type":"product","link":"https:\/\/mabuko.co.mz\/site\/?product=tudo-o-que-somos-juntos-deixa-acontecer-2","title":{"rendered":"TUDO O QUE SOMOS JUNTOS Deixa acontecer 2"},"content":{"rendered":"<p>Alice Kellen<br \/>\n9789722367837<\/p>\n","protected":false},"excerpt":{"rendered":"<p><strong>SINOPSE<\/strong><\/p>\n<p>Que acontecer\u00e1 a Axel e Leah?<br \/>\nPassaram tr\u00eas anos desde a \u00faltima vez que se viram. Agora, Leah est\u00e1 quase a concretizar o seu sonho: expor numa galeria. E, apesar do que aconteceu, Axel tem de fazer parte de um momento como este.<\/p>\n<p>Quando os seus caminhos voltam a cruzar-se, Leah precisa de tomar decis\u00f5es que podem mudar tudo, porque, apesar do que se passou, todas as mem\u00f3rias continuam ali, t\u00e3o presentes: intactas, maravilhosas, \u00fanicas, espreitando em cada brecha, todos os dias. Porque ele continua a ser aquele que ela n\u00e3o esqueceu. Ele \u00e9 o mar, as noites estreladas e os vinis dos Beatles.<\/p>\n<p>Porque, \u00e0s vezes, basta deixar acontecer para termos tudo.<\/p>\n","protected":false},"featured_media":5336,"template":"","meta":{"_monsterinsights_skip_tracking":false,"_monsterinsights_sitenote_active":false,"_monsterinsights_sitenote_note":"","_monsterinsights_sitenote_category":0},"product_cat":[105],"product_tag":[],"class_list":{"0":"post-5335","1":"product","2":"type-product","3":"status-publish","4":"has-post-thumbnail","6":"product_cat-romance","7":"pa_book-author-alice-kellen","9":"first","10":"outofstock","11":"shipping-taxable","12":"purchasable","13":"product-type-simple"},"_links":{"self":[{"href":"https:\/\/mabuko.co.mz\/site\/index.php?rest_route=\/wp\/v2\/product\/5335","targetHints":{"allow":["GET"]}}],"collection":[{"href":"https:\/\/mabuko.co.mz\/site\/index.php?rest_route=\/wp\/v2\/product"}],"about":[{"href":"https:\/\/mabuko.co.mz\/site\/index.php?rest_route=\/wp\/v2\/types\/product"}],"wp:featuredmedia":[{"embeddable":true,"href":"https:\/\/mabuko.co.mz\/site\/index.php?rest_route=\/wp\/v2\/media\/5336"}],"wp:attachment":[{"href":"https:\/\/mabuko.co.mz\/site\/index.php?rest_route=%2Fwp%2Fv2%2Fmedia&parent=5335"}],"wp:term":[{"taxonomy":"product_cat","embeddable":true,"href":"https:\/\/mabuko.co.mz\/site\/index.php?rest_route=%2Fwp%2Fv2%2Fproduct_cat&post=5335"},{"taxonomy":"product_tag","embeddable":true,"href":"https:\/\/mabuko.co.mz\/site\/index.php?rest_route=%2Fwp%2Fv2%2Fproduct_tag&post=5335"}],"curies":[{"name":"wp","href":"https:\/\/api.w.org\/{rel}","templated":true}]}}