{"id":5331,"date":"2022-07-20T09:50:00","date_gmt":"2022-07-20T09:50:00","guid":{"rendered":"https:\/\/mabuko.co.mz\/?post_type=product&#038;p=5331"},"modified":"2022-12-19T15:11:53","modified_gmt":"2022-12-19T15:11:53","slug":"persuasao","status":"publish","type":"product","link":"https:\/\/mabuko.co.mz\/site\/?product=persuasao","title":{"rendered":"PERSUAS\u00c3O"},"content":{"rendered":"<p>Jane Austen<\/p>\n<p>9789722360333<\/p>\n","protected":false},"excerpt":{"rendered":"<p><strong>SINOPSE<\/strong><\/p>\n<p>\u00c9 em Persuas\u00e3o, o \u00faltimo romance acabado de Jane Austen, que encontramos a sua hero\u00edna mais not\u00e1vel- Anne Elliot. Sobre ela escreveu, um dia, a autora: \u00abEla \u00e9 quase demasiadamente boa para mim\u00bb. No entanto, naquela que \u00e9 a sua obra mais amadurecida, que descreve uma \u00f3rbita de afastamento n\u00edtida em rela\u00e7\u00e3o ao tom predominantemente sat\u00edrico dos seus anteriores romances, Jane Austen treta o car\u00e1cter e os afectos de protagonista de uma forma que, sem perder totalmente de vista a ironia, \u00e9, sem sombra de d\u00favida, muito mais terna, e anuncia j\u00e1 uma percep\u00e7\u00e3o mais aberta e din\u00e2mica da personalidade e comportamentos humanos.<\/p>\n<p>Uma hist\u00f3ria de amor, desenvolvida com profundidade e subtileza na sua linha de horizonte e complexo relacionamento entre os dois sexos, e no qual homem e mulher surgem como seres moralmente an\u00e1logos.<\/p>\n","protected":false},"featured_media":5332,"template":"","meta":{"_monsterinsights_skip_tracking":false,"_monsterinsights_sitenote_active":false,"_monsterinsights_sitenote_note":"","_monsterinsights_sitenote_category":0},"product_cat":[105],"product_tag":[],"class_list":{"0":"post-5331","1":"product","2":"type-product","3":"status-publish","4":"has-post-thumbnail","6":"product_cat-romance","7":"pa_book-author-jane-austen","9":"first","10":"outofstock","11":"shipping-taxable","12":"purchasable","13":"product-type-simple"},"_links":{"self":[{"href":"https:\/\/mabuko.co.mz\/site\/index.php?rest_route=\/wp\/v2\/product\/5331","targetHints":{"allow":["GET"]}}],"collection":[{"href":"https:\/\/mabuko.co.mz\/site\/index.php?rest_route=\/wp\/v2\/product"}],"about":[{"href":"https:\/\/mabuko.co.mz\/site\/index.php?rest_route=\/wp\/v2\/types\/product"}],"wp:featuredmedia":[{"embeddable":true,"href":"https:\/\/mabuko.co.mz\/site\/index.php?rest_route=\/wp\/v2\/media\/5332"}],"wp:attachment":[{"href":"https:\/\/mabuko.co.mz\/site\/index.php?rest_route=%2Fwp%2Fv2%2Fmedia&parent=5331"}],"wp:term":[{"taxonomy":"product_cat","embeddable":true,"href":"https:\/\/mabuko.co.mz\/site\/index.php?rest_route=%2Fwp%2Fv2%2Fproduct_cat&post=5331"},{"taxonomy":"product_tag","embeddable":true,"href":"https:\/\/mabuko.co.mz\/site\/index.php?rest_route=%2Fwp%2Fv2%2Fproduct_tag&post=5331"}],"curies":[{"name":"wp","href":"https:\/\/api.w.org\/{rel}","templated":true}]}}