{"id":5329,"date":"2022-07-20T09:14:47","date_gmt":"2022-07-20T09:14:47","guid":{"rendered":"https:\/\/mabuko.co.mz\/?post_type=product&#038;p=5329"},"modified":"2022-12-30T10:13:23","modified_gmt":"2022-12-30T10:13:23","slug":"o-silencio-das-aguas","status":"publish","type":"product","link":"https:\/\/mabuko.co.mz\/site\/?product=o-silencio-das-aguas","title":{"rendered":"O SIL\u00caNCIO DAS \u00c1GUAS"},"content":{"rendered":"<p>Brittainy C. Cherry<\/p>\n<p>9789722363570<\/p>\n","protected":false},"excerpt":{"rendered":"<div id=\"productPageSectionAboutBook-sinopseTitle\" class=\"right-title\"><strong>SINOPSE<\/strong><\/div>\n<div id=\"productPageSectionAboutBook-sinopse\" class=\"right-text\">\n<p>Momentos.<\/p>\n<p>A vida \u00e9 uma sucess\u00e3o de momentos. Alguns, profundamente dolorosos e cheios de m\u00e1goas do passado. Outros, cheios de esperan\u00e7a e promessas para o futuro.<\/p>\n<p>Tive muitos momentos na minha vida, momentos que me modificaram, que me desafiaram. Momentos que me assustaram e atormentaram. No entanto, os mais importantes &#8211; os momentos mais comoventes e arrebatadores &#8211; sempre o inclu\u00edram a ele.<\/p>\n<p>Eu tinha dez anos quando perdi a voz. Uma parte de mim foi -me roubada, e a \u00fanica pessoa que conseguia ouvir verdadeiramente o meu sil\u00eancio era o Brooks Griffin. Ele era a luz dos meus dias escuros, a promessa do amanh\u00e3, at\u00e9 que a trag\u00e9dia o encontrou. A trag\u00e9dia que acabou por afog\u00e1-lo num mar de mem\u00f3rias.<\/p>\n<\/div>\n","protected":false},"featured_media":5330,"template":"","meta":{"_monsterinsights_skip_tracking":false,"_monsterinsights_sitenote_active":false,"_monsterinsights_sitenote_note":"","_monsterinsights_sitenote_category":0},"product_cat":[103],"product_tag":[],"class_list":{"0":"post-5329","1":"product","2":"type-product","3":"status-publish","4":"has-post-thumbnail","6":"product_cat-literatura","7":"pa_book-author-brittainy-c-cherry","9":"first","10":"instock","11":"shipping-taxable","12":"purchasable","13":"product-type-simple"},"_links":{"self":[{"href":"https:\/\/mabuko.co.mz\/site\/index.php?rest_route=\/wp\/v2\/product\/5329","targetHints":{"allow":["GET"]}}],"collection":[{"href":"https:\/\/mabuko.co.mz\/site\/index.php?rest_route=\/wp\/v2\/product"}],"about":[{"href":"https:\/\/mabuko.co.mz\/site\/index.php?rest_route=\/wp\/v2\/types\/product"}],"wp:featuredmedia":[{"embeddable":true,"href":"https:\/\/mabuko.co.mz\/site\/index.php?rest_route=\/wp\/v2\/media\/5330"}],"wp:attachment":[{"href":"https:\/\/mabuko.co.mz\/site\/index.php?rest_route=%2Fwp%2Fv2%2Fmedia&parent=5329"}],"wp:term":[{"taxonomy":"product_cat","embeddable":true,"href":"https:\/\/mabuko.co.mz\/site\/index.php?rest_route=%2Fwp%2Fv2%2Fproduct_cat&post=5329"},{"taxonomy":"product_tag","embeddable":true,"href":"https:\/\/mabuko.co.mz\/site\/index.php?rest_route=%2Fwp%2Fv2%2Fproduct_tag&post=5329"}],"curies":[{"name":"wp","href":"https:\/\/api.w.org\/{rel}","templated":true}]}}