{"id":5327,"date":"2022-07-20T09:06:38","date_gmt":"2022-07-20T09:06:38","guid":{"rendered":"https:\/\/mabuko.co.mz\/?post_type=product&#038;p=5327"},"modified":"2022-12-30T10:14:11","modified_gmt":"2022-12-30T10:14:11","slug":"os-meninos-que-enganaram-o-nazis","status":"publish","type":"product","link":"https:\/\/mabuko.co.mz\/site\/?product=os-meninos-que-enganaram-o-nazis","title":{"rendered":"OS MENINOS QUE ENGANARAM O NAZIS"},"content":{"rendered":"<p>Joseph Joffo<\/p>\n<p>9789722361347<\/p>\n","protected":false},"excerpt":{"rendered":"<p><strong>SINOPSE<\/strong><\/p>\n<p>A luta pela sobreviv\u00eancia contada por um menino judeu na Fran\u00e7a ocupada pelos nazis. Uma hist\u00f3ria ver\u00eddica. 1941, Paris \u00e9 uma cidade ocupada pelos ex\u00e9rcitos nazis. o poder de Hitler controla a Fran\u00e7a; as persegui\u00e7\u00f5es e o medo pairam por todo o pa\u00eds. Joffo, um respeitado barbeiro judeu, decide dispersar a sua fam\u00edlia de forma a evitar o destino cruel que os espera a todos.<\/p>\n<p>Depois da fuga dos filhos mais velhos, perante o perigo sempre \u00e0 espreita, Joseph, de apenas dez anos, e Maurice, de doze, deixam tamb\u00e9m a capital, entregues a si pr\u00f3prios, para tentarem escapar \u00e0 brutalidade e \u00e0 morte. Uma impressionante hist\u00f3ria autobiogr\u00e1fica, narrada pelo irm\u00e3o mais novo, cuja espontaneidade, ternura e humor comprovam o triunfo da amizade, da generosidade, do esp\u00edrito de entreajuda.<\/p>\n","protected":false},"featured_media":5328,"template":"","meta":{"_monsterinsights_skip_tracking":false,"_monsterinsights_sitenote_active":false,"_monsterinsights_sitenote_note":"","_monsterinsights_sitenote_category":0},"product_cat":[103],"product_tag":[],"class_list":{"0":"post-5327","1":"product","2":"type-product","3":"status-publish","4":"has-post-thumbnail","6":"product_cat-literatura","7":"pa_book-author-joseph-joffo","9":"first","10":"instock","11":"shipping-taxable","12":"purchasable","13":"product-type-simple"},"_links":{"self":[{"href":"https:\/\/mabuko.co.mz\/site\/index.php?rest_route=\/wp\/v2\/product\/5327","targetHints":{"allow":["GET"]}}],"collection":[{"href":"https:\/\/mabuko.co.mz\/site\/index.php?rest_route=\/wp\/v2\/product"}],"about":[{"href":"https:\/\/mabuko.co.mz\/site\/index.php?rest_route=\/wp\/v2\/types\/product"}],"wp:featuredmedia":[{"embeddable":true,"href":"https:\/\/mabuko.co.mz\/site\/index.php?rest_route=\/wp\/v2\/media\/5328"}],"wp:attachment":[{"href":"https:\/\/mabuko.co.mz\/site\/index.php?rest_route=%2Fwp%2Fv2%2Fmedia&parent=5327"}],"wp:term":[{"taxonomy":"product_cat","embeddable":true,"href":"https:\/\/mabuko.co.mz\/site\/index.php?rest_route=%2Fwp%2Fv2%2Fproduct_cat&post=5327"},{"taxonomy":"product_tag","embeddable":true,"href":"https:\/\/mabuko.co.mz\/site\/index.php?rest_route=%2Fwp%2Fv2%2Fproduct_tag&post=5327"}],"curies":[{"name":"wp","href":"https:\/\/api.w.org\/{rel}","templated":true}]}}