{"id":5325,"date":"2022-07-20T08:57:17","date_gmt":"2022-07-20T08:57:17","guid":{"rendered":"https:\/\/mabuko.co.mz\/?post_type=product&#038;p=5325"},"modified":"2022-12-30T10:15:08","modified_gmt":"2022-12-30T10:15:08","slug":"a-elizabeth-desapareceu","status":"publish","type":"product","link":"https:\/\/mabuko.co.mz\/site\/?product=a-elizabeth-desapareceu","title":{"rendered":"A ELIZABETH DESAPARECEU"},"content":{"rendered":"<p>Emma Healey<\/p>\n<p>9789897541742<\/p>\n","protected":false},"excerpt":{"rendered":"<p><strong>SINOPSE<\/strong><\/p>\n<p>Maud est\u00e1 convencida de que a amiga desapareceu, mas ningu\u00e9m acredita nela. Tem cerca de 80 anos e o seu contacto com a realidade n\u00e3o \u00e9 o mesmo de outros tempos. Existem peda\u00e7os de papel por toda a casa: listas de compras e de receitas, n\u00fameros de telefone, notas sobre coisas que aconteceram. \u00c9 a mem\u00f3ria em papel que impede Maud de esquecer as coisas. De repente, nas m\u00e3os de Maud encontra-se uma nota com uma mensagem simples: \u00abElizabeth desapareceu.\u00bb. \u00c9 a sua letra, mas n\u00e3o se recorda de a ter escrito. O que aconteceu?<\/p>\n","protected":false},"featured_media":5326,"template":"","meta":{"_monsterinsights_skip_tracking":false,"_monsterinsights_sitenote_active":false,"_monsterinsights_sitenote_note":"","_monsterinsights_sitenote_category":0},"product_cat":[105],"product_tag":[],"class_list":{"0":"post-5325","1":"product","2":"type-product","3":"status-publish","4":"has-post-thumbnail","6":"product_cat-romance","7":"pa_book-author-emma-healey","9":"first","10":"instock","11":"shipping-taxable","12":"purchasable","13":"product-type-simple"},"_links":{"self":[{"href":"https:\/\/mabuko.co.mz\/site\/index.php?rest_route=\/wp\/v2\/product\/5325","targetHints":{"allow":["GET"]}}],"collection":[{"href":"https:\/\/mabuko.co.mz\/site\/index.php?rest_route=\/wp\/v2\/product"}],"about":[{"href":"https:\/\/mabuko.co.mz\/site\/index.php?rest_route=\/wp\/v2\/types\/product"}],"wp:featuredmedia":[{"embeddable":true,"href":"https:\/\/mabuko.co.mz\/site\/index.php?rest_route=\/wp\/v2\/media\/5326"}],"wp:attachment":[{"href":"https:\/\/mabuko.co.mz\/site\/index.php?rest_route=%2Fwp%2Fv2%2Fmedia&parent=5325"}],"wp:term":[{"taxonomy":"product_cat","embeddable":true,"href":"https:\/\/mabuko.co.mz\/site\/index.php?rest_route=%2Fwp%2Fv2%2Fproduct_cat&post=5325"},{"taxonomy":"product_tag","embeddable":true,"href":"https:\/\/mabuko.co.mz\/site\/index.php?rest_route=%2Fwp%2Fv2%2Fproduct_tag&post=5325"}],"curies":[{"name":"wp","href":"https:\/\/api.w.org\/{rel}","templated":true}]}}