{"id":5318,"date":"2022-07-20T08:32:22","date_gmt":"2022-07-20T08:32:22","guid":{"rendered":"https:\/\/mabuko.co.mz\/?post_type=product&#038;p=5318"},"modified":"2022-12-30T10:15:56","modified_gmt":"2022-12-30T10:15:56","slug":"a-seducao-de-wilde","status":"publish","type":"product","link":"https:\/\/mabuko.co.mz\/site\/?product=a-seducao-de-wilde","title":{"rendered":"A SEDU\u00c7\u00c3O DE WILDE"},"content":{"rendered":"<p>Eloisa James<\/p>\n<p>9789898917638<\/p>\n<p>&nbsp;<\/p>\n","protected":false},"excerpt":{"rendered":"<p><strong>SINOPSE<\/strong><\/p>\n<p>Lorde Rolan Northbridge Wilde, mais conhecido por North, deixou Inglaterra para combater nas col\u00f3nias depois de ter sido abandonado pela sua noiva, Diana Belgrave. Ao regressar a casa dois anos depois, descobre que Diana est\u00e1 a trabalhar como preceptora no castelo da sua fam\u00edlia e que trouxe consigo uma crian\u00e7a que todos pensam ser dele.<\/p>\n<p>Diana nunca teve inten\u00e7\u00e3o de manchar a reputa\u00e7\u00e3o de North, mas, desesperada por salvar uma crian\u00e7a indefesa, n\u00e3o pensou nas consequ\u00eancias de trabalhar naquele castelo. Agora todos tiraram as piores conclus\u00f5es, e Diana lamenta a sua decis\u00e3o.<\/p>\n<p>Quando Diana percebe que North ainda gosta dela, tem de lutar para n\u00e3o o voltar a magoar, pois continua a n\u00e3o ter inten\u00e7\u00e3o de casar. S\u00f3 que North regressou da guerra mais forte e est\u00e1 determinado a vencer esta batalha. North deseja Diana. Mas ser\u00e1 que \u00e9 capaz de arriscar tudo para reclam\u00e1-la como sua?<\/p>\n","protected":false},"featured_media":5319,"template":"","meta":{"_monsterinsights_skip_tracking":false,"_monsterinsights_sitenote_active":false,"_monsterinsights_sitenote_note":"","_monsterinsights_sitenote_category":0},"product_cat":[105],"product_tag":[],"class_list":{"0":"post-5318","1":"product","2":"type-product","3":"status-publish","4":"has-post-thumbnail","6":"product_cat-romance","7":"pa_book-author-eloisa-james","9":"first","10":"outofstock","11":"shipping-taxable","12":"purchasable","13":"product-type-simple"},"_links":{"self":[{"href":"https:\/\/mabuko.co.mz\/site\/index.php?rest_route=\/wp\/v2\/product\/5318","targetHints":{"allow":["GET"]}}],"collection":[{"href":"https:\/\/mabuko.co.mz\/site\/index.php?rest_route=\/wp\/v2\/product"}],"about":[{"href":"https:\/\/mabuko.co.mz\/site\/index.php?rest_route=\/wp\/v2\/types\/product"}],"wp:featuredmedia":[{"embeddable":true,"href":"https:\/\/mabuko.co.mz\/site\/index.php?rest_route=\/wp\/v2\/media\/5319"}],"wp:attachment":[{"href":"https:\/\/mabuko.co.mz\/site\/index.php?rest_route=%2Fwp%2Fv2%2Fmedia&parent=5318"}],"wp:term":[{"taxonomy":"product_cat","embeddable":true,"href":"https:\/\/mabuko.co.mz\/site\/index.php?rest_route=%2Fwp%2Fv2%2Fproduct_cat&post=5318"},{"taxonomy":"product_tag","embeddable":true,"href":"https:\/\/mabuko.co.mz\/site\/index.php?rest_route=%2Fwp%2Fv2%2Fproduct_tag&post=5318"}],"curies":[{"name":"wp","href":"https:\/\/api.w.org\/{rel}","templated":true}]}}