{"id":5307,"date":"2022-07-20T07:53:57","date_gmt":"2022-07-20T07:53:57","guid":{"rendered":"https:\/\/mabuko.co.mz\/?post_type=product&#038;p=5307"},"modified":"2022-12-30T09:15:00","modified_gmt":"2022-12-30T09:15:00","slug":"a-rapariga-no-comboio","status":"publish","type":"product","link":"https:\/\/mabuko.co.mz\/site\/?product=a-rapariga-no-comboio","title":{"rendered":"A RAPARIGA NO COMBOIO"},"content":{"rendered":"<p>Paula Hawkins<\/p>\n<p>9789898800541<\/p>\n","protected":false},"excerpt":{"rendered":"<p><strong>SINOPSE<\/strong><\/p>\n<p>O \u00eaxito de vendas mais r\u00e1pido de sempre.<br \/>\nO livro que vai mudar para sempre o modo como vemos a vida dos outros.<\/p>\n<p>Todos os dias, Rachel apanha o comboio&#8230; No caminho para o trabalho, ela observa sempre as mesmas casas durante a sua viagem. Numa das casas ela observa sempre o mesmo casal, ao qual ela atribui nomes e vidas imagin\u00e1rias. Aos olhos de Rachel, o casal tem uma vida perfeita, quase igual \u00e0 que ela perdeu recentemente.<\/p>\n<p>At\u00e9 que um dia&#8230;<\/p>\n<p>Rachel assiste a algo errado com o casal&#8230; \u00c9 uma imagem r\u00e1pida, mas suficiente para a deixar perturbada.<\/p>\n<p>N\u00e3o querendo guardar segredo do que viu, Rachel fala com a pol\u00edcia. A partir daqui, ela torna-se parte integrante de uma sucess\u00e3o vertiginosa de acontecimentos, afectando as vidas de todos os envolvidos<\/p>\n","protected":false},"featured_media":5309,"template":"","meta":{"_monsterinsights_skip_tracking":false,"_monsterinsights_sitenote_active":false,"_monsterinsights_sitenote_note":"","_monsterinsights_sitenote_category":0},"product_cat":[105],"product_tag":[],"class_list":{"0":"post-5307","1":"product","2":"type-product","3":"status-publish","4":"has-post-thumbnail","6":"product_cat-romance","7":"pa_book-author-paula-hawkins","9":"first","10":"outofstock","11":"shipping-taxable","12":"purchasable","13":"product-type-simple"},"_links":{"self":[{"href":"https:\/\/mabuko.co.mz\/site\/index.php?rest_route=\/wp\/v2\/product\/5307","targetHints":{"allow":["GET"]}}],"collection":[{"href":"https:\/\/mabuko.co.mz\/site\/index.php?rest_route=\/wp\/v2\/product"}],"about":[{"href":"https:\/\/mabuko.co.mz\/site\/index.php?rest_route=\/wp\/v2\/types\/product"}],"wp:featuredmedia":[{"embeddable":true,"href":"https:\/\/mabuko.co.mz\/site\/index.php?rest_route=\/wp\/v2\/media\/5309"}],"wp:attachment":[{"href":"https:\/\/mabuko.co.mz\/site\/index.php?rest_route=%2Fwp%2Fv2%2Fmedia&parent=5307"}],"wp:term":[{"taxonomy":"product_cat","embeddable":true,"href":"https:\/\/mabuko.co.mz\/site\/index.php?rest_route=%2Fwp%2Fv2%2Fproduct_cat&post=5307"},{"taxonomy":"product_tag","embeddable":true,"href":"https:\/\/mabuko.co.mz\/site\/index.php?rest_route=%2Fwp%2Fv2%2Fproduct_tag&post=5307"}],"curies":[{"name":"wp","href":"https:\/\/api.w.org\/{rel}","templated":true}]}}