{"id":5288,"date":"2022-07-19T14:04:06","date_gmt":"2022-07-19T14:04:06","guid":{"rendered":"https:\/\/mabuko.co.mz\/?post_type=product&#038;p=5288"},"modified":"2022-12-30T09:33:32","modified_gmt":"2022-12-30T09:33:32","slug":"a-sombra-da-vida","status":"publish","type":"product","link":"https:\/\/mabuko.co.mz\/site\/?product=a-sombra-da-vida","title":{"rendered":"\u00c0 SOMBRA DA VIDA"},"content":{"rendered":"<p>Margarida Fonseca Santos<\/p>\n<p>9789898839091<\/p>\n","protected":false},"excerpt":{"rendered":"<p><strong>SINOPSE<\/strong><\/p>\n<p>A Beatriz, a Madalena e o Henrique eram amigos insepar\u00e1veis, at\u00e9 a Beatriz come\u00e7ar a comportar-se de uma forma estranha. Torna-se mais reservada, como se escondesse qualquer coisa.<br \/>\nQuando as notas baixam e a Beatriz come\u00e7a a perder a cabe\u00e7a em situa\u00e7\u00f5es aparentemente simples, a Madalena e o Henrique entram em campo. S\u00f3 com a ajuda destes dois amigos, a Beatriz conseguir\u00e1 recuperar a alegria e a estabilidade perdidas. Pelo caminho, fica o percurso doloroso da m\u00e3e, desanimada por um div\u00f3rcio dif\u00edcil e pelo \u00e1lcool, o rem\u00e9dio envenenado que lhe entorpece os dias.<br \/>\nVem da\u00ed conhecer estas vidas e descobrir que afinal \u00e9 mesmo verdade: juntos somos mais fortes\u2026<\/p>\n","protected":false},"featured_media":5289,"template":"","meta":{"_monsterinsights_skip_tracking":false,"_monsterinsights_sitenote_active":false,"_monsterinsights_sitenote_note":"","_monsterinsights_sitenote_category":0},"product_cat":[135],"product_tag":[],"class_list":{"0":"post-5288","1":"product","2":"type-product","3":"status-publish","4":"has-post-thumbnail","6":"product_cat-infantil","7":"pa_book-author-margarida-fonseca-santos","9":"first","10":"instock","11":"shipping-taxable","12":"purchasable","13":"product-type-simple"},"_links":{"self":[{"href":"https:\/\/mabuko.co.mz\/site\/index.php?rest_route=\/wp\/v2\/product\/5288","targetHints":{"allow":["GET"]}}],"collection":[{"href":"https:\/\/mabuko.co.mz\/site\/index.php?rest_route=\/wp\/v2\/product"}],"about":[{"href":"https:\/\/mabuko.co.mz\/site\/index.php?rest_route=\/wp\/v2\/types\/product"}],"wp:featuredmedia":[{"embeddable":true,"href":"https:\/\/mabuko.co.mz\/site\/index.php?rest_route=\/wp\/v2\/media\/5289"}],"wp:attachment":[{"href":"https:\/\/mabuko.co.mz\/site\/index.php?rest_route=%2Fwp%2Fv2%2Fmedia&parent=5288"}],"wp:term":[{"taxonomy":"product_cat","embeddable":true,"href":"https:\/\/mabuko.co.mz\/site\/index.php?rest_route=%2Fwp%2Fv2%2Fproduct_cat&post=5288"},{"taxonomy":"product_tag","embeddable":true,"href":"https:\/\/mabuko.co.mz\/site\/index.php?rest_route=%2Fwp%2Fv2%2Fproduct_tag&post=5288"}],"curies":[{"name":"wp","href":"https:\/\/api.w.org\/{rel}","templated":true}]}}