{"id":5284,"date":"2022-07-19T13:34:09","date_gmt":"2022-07-19T13:34:09","guid":{"rendered":"https:\/\/mabuko.co.mz\/?post_type=product&#038;p=5284"},"modified":"2022-10-24T13:43:42","modified_gmt":"2022-10-24T13:43:42","slug":"um-caldeirao-para-stilton","status":"publish","type":"product","link":"https:\/\/mabuko.co.mz\/site\/?product=um-caldeirao-para-stilton","title":{"rendered":"UM CALDEIR\u00c3O  Para Stilton"},"content":{"rendered":"<p>Geronimo Stilton<\/p>\n<p>9789722350068<\/p>\n","protected":false},"excerpt":{"rendered":"<p><strong>SINOPSE<\/strong><\/p>\n<p>\u00abEm Gatoburgo, todos esperavam o \u00faltimo epis\u00f3dio de Ca\u00edste na Armadilha, Geronimo Stilton!, a telenovela preferida do imperador. Mas o ator principal recusava-se a interpretar a cena final, aquela em que o protagonista, ou seja, eu, ia parar dentro dum caldeir\u00e3o! O Gatard\u00e3o queria absolutamente ver o fim da sua novela, de modo que decidiu partir para Rat\u00e1zia e vir ele pr\u00f3prio filmar a cena\u2026sem eu saber!\u00bb<\/p>\n","protected":false},"featured_media":5287,"template":"","meta":{"_monsterinsights_skip_tracking":false,"_monsterinsights_sitenote_active":false,"_monsterinsights_sitenote_note":"","_monsterinsights_sitenote_category":0},"product_cat":[135],"product_tag":[],"class_list":{"0":"post-5284","1":"product","2":"type-product","3":"status-publish","4":"has-post-thumbnail","6":"product_cat-infantil","7":"pa_book-author-geronimo-stilton","9":"first","10":"instock","11":"shipping-taxable","12":"purchasable","13":"product-type-simple"},"_links":{"self":[{"href":"https:\/\/mabuko.co.mz\/site\/index.php?rest_route=\/wp\/v2\/product\/5284","targetHints":{"allow":["GET"]}}],"collection":[{"href":"https:\/\/mabuko.co.mz\/site\/index.php?rest_route=\/wp\/v2\/product"}],"about":[{"href":"https:\/\/mabuko.co.mz\/site\/index.php?rest_route=\/wp\/v2\/types\/product"}],"wp:featuredmedia":[{"embeddable":true,"href":"https:\/\/mabuko.co.mz\/site\/index.php?rest_route=\/wp\/v2\/media\/5287"}],"wp:attachment":[{"href":"https:\/\/mabuko.co.mz\/site\/index.php?rest_route=%2Fwp%2Fv2%2Fmedia&parent=5284"}],"wp:term":[{"taxonomy":"product_cat","embeddable":true,"href":"https:\/\/mabuko.co.mz\/site\/index.php?rest_route=%2Fwp%2Fv2%2Fproduct_cat&post=5284"},{"taxonomy":"product_tag","embeddable":true,"href":"https:\/\/mabuko.co.mz\/site\/index.php?rest_route=%2Fwp%2Fv2%2Fproduct_tag&post=5284"}],"curies":[{"name":"wp","href":"https:\/\/api.w.org\/{rel}","templated":true}]}}