{"id":5282,"date":"2022-07-19T13:24:03","date_gmt":"2022-07-19T13:24:03","guid":{"rendered":"https:\/\/mabuko.co.mz\/?post_type=product&#038;p=5282"},"modified":"2022-10-24T10:19:03","modified_gmt":"2022-10-24T10:19:03","slug":"es-comida-para-gato-geronimo-stilton","status":"publish","type":"product","link":"https:\/\/mabuko.co.mz\/site\/?product=es-comida-para-gato-geronimo-stilton","title":{"rendered":"\u00c9S COMIDA PARA GATO Geronimo Stilton!"},"content":{"rendered":"<p>Geronimo Stilton<\/p>\n<p>9789722363778<\/p>\n","protected":false},"excerpt":{"rendered":"<div id=\"productPageSectionAboutBook-sinopseTitle\" class=\"right-title\"><strong>SINOPSE<\/strong><\/div>\n<div id=\"productPageSectionAboutBook-sinopse\" class=\"right-text\">\n<p>\u00abOs Gatos Piratas adoram os torneios de luta g\u00e1tica e, desta vez, o Grande Chefe dos Felinos, Gatard\u00e3o III de Gat\u00e1rdis, organizou um em grande estilo! Os famosos lutadores Vingan\u00e7a Felina, Rebenta Maramiau, Penedo Gat\u00e3o e F\u00faria Ultramiante tinham de enfrentar um misterioso campe\u00e3o mascarado, o Capit\u00e3o Caudarrija. O vencedor do torneio ter\u00e1 como pr\u00e9mio uma guloseima supersaborosa&#8230; ou seja, eu, Geronimo Stilton!\u00bb<\/p>\n<\/div>\n","protected":false},"featured_media":5283,"template":"","meta":{"_monsterinsights_skip_tracking":false,"_monsterinsights_sitenote_active":false,"_monsterinsights_sitenote_note":"","_monsterinsights_sitenote_category":0},"product_cat":[135],"product_tag":[],"class_list":{"0":"post-5282","1":"product","2":"type-product","3":"status-publish","4":"has-post-thumbnail","6":"product_cat-infantil","7":"pa_book-author-geronimo-stilton","9":"first","10":"instock","11":"shipping-taxable","12":"purchasable","13":"product-type-simple"},"_links":{"self":[{"href":"https:\/\/mabuko.co.mz\/site\/index.php?rest_route=\/wp\/v2\/product\/5282","targetHints":{"allow":["GET"]}}],"collection":[{"href":"https:\/\/mabuko.co.mz\/site\/index.php?rest_route=\/wp\/v2\/product"}],"about":[{"href":"https:\/\/mabuko.co.mz\/site\/index.php?rest_route=\/wp\/v2\/types\/product"}],"wp:featuredmedia":[{"embeddable":true,"href":"https:\/\/mabuko.co.mz\/site\/index.php?rest_route=\/wp\/v2\/media\/5283"}],"wp:attachment":[{"href":"https:\/\/mabuko.co.mz\/site\/index.php?rest_route=%2Fwp%2Fv2%2Fmedia&parent=5282"}],"wp:term":[{"taxonomy":"product_cat","embeddable":true,"href":"https:\/\/mabuko.co.mz\/site\/index.php?rest_route=%2Fwp%2Fv2%2Fproduct_cat&post=5282"},{"taxonomy":"product_tag","embeddable":true,"href":"https:\/\/mabuko.co.mz\/site\/index.php?rest_route=%2Fwp%2Fv2%2Fproduct_tag&post=5282"}],"curies":[{"name":"wp","href":"https:\/\/api.w.org\/{rel}","templated":true}]}}