{"id":5279,"date":"2022-07-19T13:17:40","date_gmt":"2022-07-19T13:17:40","guid":{"rendered":"https:\/\/mabuko.co.mz\/?post_type=product&#038;p=5279"},"modified":"2022-12-30T09:36:11","modified_gmt":"2022-12-30T09:36:11","slug":"o-estranho-caso-das-borbulhas-azuis","status":"publish","type":"product","link":"https:\/\/mabuko.co.mz\/site\/?product=o-estranho-caso-das-borbulhas-azuis","title":{"rendered":"O ESTRANHO CASO DAS BORBULHAS AZUIS"},"content":{"rendered":"<p>Geronimo Stilton<\/p>\n<p>9789722363013<\/p>\n","protected":false},"excerpt":{"rendered":"<p><strong>SINOPSE<\/strong><\/p>\n<div id=\"productPageSectionAboutBook-sinopse\" class=\"right-text\">\n<div id=\"productPageSectionAboutBook-sinopseTitle\" class=\"right-title\">\u00abH\u00e1 um alarme nas ruas de Rat\u00e1zia! Na cidade declarou-se uma estranha epidemia que provoca curiosas borbulhas azuis! Por isso cham\u00e1mos o doutor R\u00e1tico de Bunsen, o m\u00e9dico e investigador mais famoso da Ilha dos Ratos, que logo se lan\u00e7ou ao trabalho com a sua equipa para descobrir a cura para a epidemia. Mas algu\u00e9m est\u00e1 a tentar impedi-lo&#8230;\u00bb<\/div>\n<\/div>\n","protected":false},"featured_media":5281,"template":"","meta":{"_monsterinsights_skip_tracking":false,"_monsterinsights_sitenote_active":false,"_monsterinsights_sitenote_note":"","_monsterinsights_sitenote_category":0},"product_cat":[135],"product_tag":[],"class_list":{"0":"post-5279","1":"product","2":"type-product","3":"status-publish","4":"has-post-thumbnail","6":"product_cat-infantil","7":"pa_book-author-geronimo-stilton","9":"first","10":"outofstock","11":"shipping-taxable","12":"purchasable","13":"product-type-simple"},"_links":{"self":[{"href":"https:\/\/mabuko.co.mz\/site\/index.php?rest_route=\/wp\/v2\/product\/5279","targetHints":{"allow":["GET"]}}],"collection":[{"href":"https:\/\/mabuko.co.mz\/site\/index.php?rest_route=\/wp\/v2\/product"}],"about":[{"href":"https:\/\/mabuko.co.mz\/site\/index.php?rest_route=\/wp\/v2\/types\/product"}],"wp:featuredmedia":[{"embeddable":true,"href":"https:\/\/mabuko.co.mz\/site\/index.php?rest_route=\/wp\/v2\/media\/5281"}],"wp:attachment":[{"href":"https:\/\/mabuko.co.mz\/site\/index.php?rest_route=%2Fwp%2Fv2%2Fmedia&parent=5279"}],"wp:term":[{"taxonomy":"product_cat","embeddable":true,"href":"https:\/\/mabuko.co.mz\/site\/index.php?rest_route=%2Fwp%2Fv2%2Fproduct_cat&post=5279"},{"taxonomy":"product_tag","embeddable":true,"href":"https:\/\/mabuko.co.mz\/site\/index.php?rest_route=%2Fwp%2Fv2%2Fproduct_tag&post=5279"}],"curies":[{"name":"wp","href":"https:\/\/api.w.org\/{rel}","templated":true}]}}