{"id":5128,"date":"2022-07-15T07:17:28","date_gmt":"2022-07-15T07:17:28","guid":{"rendered":"https:\/\/mabuko.co.mz\/?post_type=product&#038;p=5128"},"modified":"2022-10-24T10:24:54","modified_gmt":"2022-10-24T10:24:54","slug":"aprendiz-de-assassino-a-saga-do-assassino-volume-i","status":"publish","type":"product","link":"https:\/\/mabuko.co.mz\/site\/?product=aprendiz-de-assassino-a-saga-do-assassino-volume-i","title":{"rendered":"APRENDIZ DE ASSASSINO A SAGA DO ASSASSINO Volume I"},"content":{"rendered":"<p>Robin Hobb<\/p>\n<p>9789896370640<\/p>\n","protected":false},"excerpt":{"rendered":"<div id=\"productPageSectionAboutBook-sinopseTitle\" class=\"right-title\"><strong>SINOPSE<\/strong><\/div>\n<div id=\"productPageSectionAboutBook-sinopse\" class=\"right-text\">\n<p>O jovem Fitz \u00e9 filho bastardo do nobre Pr\u00edncipe Cavalaria e cresce na corte do Rei Sagaz. Marginalizado por todos, o rapaz refugia-se nos est\u00e1bulos reais, mas cedo o seu sangue revela o Talento m\u00e1gico e, por ordens do rei, \u00e9 secretamente iniciado nas temidas artes do assassino.<br \/>\nQuando salteadores b\u00e1rbaros atacam as costas, Fitz enfrenta a sua primeira e perigosa miss\u00e3o que o lan\u00e7ar\u00e1 num ninho de intrigas. E embora alguns o encarem como uma amea\u00e7a ao trono, talvez ele seja a chave para a sobreviv\u00eancia do reino.<br \/>\nCom uma narrativa povoada de encantamentos, hero\u00edsmo e desonra, paix\u00e3o e aventura, o\u00a0<i>Aprendiz de Assassino<\/i>\u00a0inicia um das s\u00e9ries mais bem-amadas da fantasia \u00e9pica.<\/p>\n<\/div>\n","protected":false},"featured_media":5132,"template":"","meta":{"_monsterinsights_skip_tracking":false,"_monsterinsights_sitenote_active":false,"_monsterinsights_sitenote_note":"","_monsterinsights_sitenote_category":0},"product_cat":[103],"product_tag":[],"class_list":{"0":"post-5128","1":"product","2":"type-product","3":"status-publish","4":"has-post-thumbnail","6":"product_cat-literatura","7":"pa_book-author-robin-hobb","9":"first","10":"instock","11":"shipping-taxable","12":"purchasable","13":"product-type-simple"},"_links":{"self":[{"href":"https:\/\/mabuko.co.mz\/site\/index.php?rest_route=\/wp\/v2\/product\/5128","targetHints":{"allow":["GET"]}}],"collection":[{"href":"https:\/\/mabuko.co.mz\/site\/index.php?rest_route=\/wp\/v2\/product"}],"about":[{"href":"https:\/\/mabuko.co.mz\/site\/index.php?rest_route=\/wp\/v2\/types\/product"}],"wp:featuredmedia":[{"embeddable":true,"href":"https:\/\/mabuko.co.mz\/site\/index.php?rest_route=\/wp\/v2\/media\/5132"}],"wp:attachment":[{"href":"https:\/\/mabuko.co.mz\/site\/index.php?rest_route=%2Fwp%2Fv2%2Fmedia&parent=5128"}],"wp:term":[{"taxonomy":"product_cat","embeddable":true,"href":"https:\/\/mabuko.co.mz\/site\/index.php?rest_route=%2Fwp%2Fv2%2Fproduct_cat&post=5128"},{"taxonomy":"product_tag","embeddable":true,"href":"https:\/\/mabuko.co.mz\/site\/index.php?rest_route=%2Fwp%2Fv2%2Fproduct_tag&post=5128"}],"curies":[{"name":"wp","href":"https:\/\/api.w.org\/{rel}","templated":true}]}}