{"id":5126,"date":"2022-07-15T07:09:53","date_gmt":"2022-07-15T07:09:53","guid":{"rendered":"https:\/\/mabuko.co.mz\/?post_type=product&#038;p=5126"},"modified":"2022-12-30T09:37:34","modified_gmt":"2022-12-30T09:37:34","slug":"mariana-meu-amor","status":"publish","type":"product","link":"https:\/\/mabuko.co.mz\/site\/?product=mariana-meu-amor","title":{"rendered":"MARIANA, Meu amor"},"content":{"rendered":"<p>Margarida Rebelo Pinto<\/p>\n<p>9789897242687<\/p>\n","protected":false},"excerpt":{"rendered":"<div id=\"productPageSectionAboutBook-sinopseTitle\" class=\"right-title\"><strong>SINOPSE<\/strong><\/div>\n<div id=\"productPageSectionAboutBook-sinopse\" class=\"right-text\">\n<p>No s\u00e9culo XVII, durante a Guerra da Restaura\u00e7\u00e3o da independ\u00eancia de Portugal, soror Mariana Alcoforado apaixonou-se por um oficial franc\u00eas. As cartas de amor que lhe escreveu transformaram-se num s\u00edmbolo da literatura rom\u00e2ntica universal. Trezentos anos depois, Alice, uma jornalista, revisita esta hist\u00f3ria e aprende com Mariana a vencer a tristeza de um amor perdido. Mariana, meu amor \u00e9 um romance dentro de um romance, uma narrativa a duas vozes de duas mulheres corajosas que, atrav\u00e9s de viv\u00eancias quase opostas, conseguiram desafiar o seu destino e alcan\u00e7ar a paz, sem negar os seus sentimentos mais profundos<\/p>\n<\/div>\n","protected":false},"featured_media":5127,"template":"","meta":{"_monsterinsights_skip_tracking":false,"_monsterinsights_sitenote_active":false,"_monsterinsights_sitenote_note":"","_monsterinsights_sitenote_category":0},"product_cat":[105],"product_tag":[],"class_list":{"0":"post-5126","1":"product","2":"type-product","3":"status-publish","4":"has-post-thumbnail","6":"product_cat-romance","7":"pa_book-author-margarida-rebelo-pinto","9":"first","10":"instock","11":"shipping-taxable","12":"purchasable","13":"product-type-simple"},"_links":{"self":[{"href":"https:\/\/mabuko.co.mz\/site\/index.php?rest_route=\/wp\/v2\/product\/5126","targetHints":{"allow":["GET"]}}],"collection":[{"href":"https:\/\/mabuko.co.mz\/site\/index.php?rest_route=\/wp\/v2\/product"}],"about":[{"href":"https:\/\/mabuko.co.mz\/site\/index.php?rest_route=\/wp\/v2\/types\/product"}],"wp:featuredmedia":[{"embeddable":true,"href":"https:\/\/mabuko.co.mz\/site\/index.php?rest_route=\/wp\/v2\/media\/5127"}],"wp:attachment":[{"href":"https:\/\/mabuko.co.mz\/site\/index.php?rest_route=%2Fwp%2Fv2%2Fmedia&parent=5126"}],"wp:term":[{"taxonomy":"product_cat","embeddable":true,"href":"https:\/\/mabuko.co.mz\/site\/index.php?rest_route=%2Fwp%2Fv2%2Fproduct_cat&post=5126"},{"taxonomy":"product_tag","embeddable":true,"href":"https:\/\/mabuko.co.mz\/site\/index.php?rest_route=%2Fwp%2Fv2%2Fproduct_tag&post=5126"}],"curies":[{"name":"wp","href":"https:\/\/api.w.org\/{rel}","templated":true}]}}