{"id":5121,"date":"2022-07-15T06:58:29","date_gmt":"2022-07-15T06:58:29","guid":{"rendered":"https:\/\/mabuko.co.mz\/?post_type=product&#038;p=5121"},"modified":"2022-12-30T09:43:50","modified_gmt":"2022-12-30T09:43:50","slug":"um-mundo-sem-fim-volume-ii","status":"publish","type":"product","link":"https:\/\/mabuko.co.mz\/site\/?product=um-mundo-sem-fim-volume-ii","title":{"rendered":"UM MUNDO SEM FIM Volume II"},"content":{"rendered":"<p>Ken Follett<\/p>\n<p>9789722340212<\/p>\n","protected":false},"excerpt":{"rendered":"<div id=\"productPageSectionAboutBook-sinopseTitle\" class=\"right-title\"><strong>SINOPSE<\/strong><\/div>\n<div id=\"productPageSectionAboutBook-sinopse\" class=\"right-text\">\n<p>N\u00e3o \u00e9 apenas em Espanha que Ken Follett \u00e9 um autor bestseller, vendendo cerca de 575.000 exemplares em apenas tr\u00eas dias. Noutros pa\u00edses, como It\u00e1lia e Alemanha o feito repete-se em Portugal, os leitores come\u00e7am a ganhar avan\u00e7o e a percorrer as p\u00e1ginas volumosas de um autor de culto. Em O Mundo Sem Fim encontramos Follett ao seu melhor n\u00edvel, nesta que \u00e9 a continua\u00e7\u00e3o de Os Pilares da Terra, o \u00e9pico hist\u00f3rico que vendeu 90 milh\u00f5es de exemplares em todo o mundo. Devido ao seu tamanho, a Presen\u00e7a decidiu dividi-lo em dois volumes distanciados na publica\u00e7\u00e3o por um espa\u00e7o de um m\u00eas.<\/p>\n<\/div>\n","protected":false},"featured_media":5122,"template":"","meta":{"_monsterinsights_skip_tracking":false,"_monsterinsights_sitenote_active":false,"_monsterinsights_sitenote_note":"","_monsterinsights_sitenote_category":0},"product_cat":[105],"product_tag":[],"class_list":{"0":"post-5121","1":"product","2":"type-product","3":"status-publish","4":"has-post-thumbnail","6":"product_cat-romance","7":"pa_book-author-ken-follett","9":"first","10":"instock","11":"shipping-taxable","12":"purchasable","13":"product-type-simple"},"_links":{"self":[{"href":"https:\/\/mabuko.co.mz\/site\/index.php?rest_route=\/wp\/v2\/product\/5121","targetHints":{"allow":["GET"]}}],"collection":[{"href":"https:\/\/mabuko.co.mz\/site\/index.php?rest_route=\/wp\/v2\/product"}],"about":[{"href":"https:\/\/mabuko.co.mz\/site\/index.php?rest_route=\/wp\/v2\/types\/product"}],"wp:featuredmedia":[{"embeddable":true,"href":"https:\/\/mabuko.co.mz\/site\/index.php?rest_route=\/wp\/v2\/media\/5122"}],"wp:attachment":[{"href":"https:\/\/mabuko.co.mz\/site\/index.php?rest_route=%2Fwp%2Fv2%2Fmedia&parent=5121"}],"wp:term":[{"taxonomy":"product_cat","embeddable":true,"href":"https:\/\/mabuko.co.mz\/site\/index.php?rest_route=%2Fwp%2Fv2%2Fproduct_cat&post=5121"},{"taxonomy":"product_tag","embeddable":true,"href":"https:\/\/mabuko.co.mz\/site\/index.php?rest_route=%2Fwp%2Fv2%2Fproduct_tag&post=5121"}],"curies":[{"name":"wp","href":"https:\/\/api.w.org\/{rel}","templated":true}]}}