{"id":5118,"date":"2022-07-15T06:50:02","date_gmt":"2022-07-15T06:50:02","guid":{"rendered":"https:\/\/mabuko.co.mz\/?post_type=product&#038;p=5118"},"modified":"2022-12-30T09:58:30","modified_gmt":"2022-12-30T09:58:30","slug":"um-pais-para-la-do-azul-do-ceu","status":"publish","type":"product","link":"https:\/\/mabuko.co.mz\/site\/?product=um-pais-para-la-do-azul-do-ceu","title":{"rendered":"UM PA\u00cdS PARA L\u00c1 DO AZUL DO C\u00c9U"},"content":{"rendered":"<p>Susanna Tamaro<\/p>\n<p>9789722329965<\/p>\n","protected":false},"excerpt":{"rendered":"<div id=\"productPageSectionAboutBook-sinopseTitle\" class=\"right-title\"><strong>SINOPSE<\/strong><\/div>\n<div id=\"productPageSectionAboutBook-sinopse\" class=\"right-text\">\n<p>Apologista de valores humanit\u00e1rios essenciais \u00e0 estrutura das sociedades Tamaro levanta o v\u00e9u aos problemas da emigra\u00e7\u00e3o ilegal. Em\u00a0<i>Um Pa\u00eds Para L\u00e1 do Azul do C\u00e9u<\/i> quatro hist\u00f3rias de sofrimento cruzam-se num olhar agudo e incisivo sobre comportamentos de xenofobia, desenraizamento social e exclus\u00e3o a todos os n\u00edveis. Neste seu novo livro Susanna Tamaro revela-nos o ponto de vista dos mais fracos, oprimidos e v\u00edtimas das adversidades da vida. Indefesos e sem qualquer poder reivindicativo geram sentimentos de frustra\u00e7\u00e3o, impot\u00eancia e ansiedade. Uma obra que nos alerta para a forma como lidamos com os mais desprotegidos e que apela \u00e0 consci\u00eancia colectiva dos governantes de todo o mundo.<\/p>\n<\/div>\n","protected":false},"featured_media":5119,"template":"","meta":{"_monsterinsights_skip_tracking":false,"_monsterinsights_sitenote_active":false,"_monsterinsights_sitenote_note":"","_monsterinsights_sitenote_category":0},"product_cat":[105],"product_tag":[],"class_list":{"0":"post-5118","1":"product","2":"type-product","3":"status-publish","4":"has-post-thumbnail","6":"product_cat-romance","7":"pa_book-author-susanna-tamaro","9":"first","10":"instock","11":"shipping-taxable","12":"purchasable","13":"product-type-simple"},"_links":{"self":[{"href":"https:\/\/mabuko.co.mz\/site\/index.php?rest_route=\/wp\/v2\/product\/5118","targetHints":{"allow":["GET"]}}],"collection":[{"href":"https:\/\/mabuko.co.mz\/site\/index.php?rest_route=\/wp\/v2\/product"}],"about":[{"href":"https:\/\/mabuko.co.mz\/site\/index.php?rest_route=\/wp\/v2\/types\/product"}],"wp:featuredmedia":[{"embeddable":true,"href":"https:\/\/mabuko.co.mz\/site\/index.php?rest_route=\/wp\/v2\/media\/5119"}],"wp:attachment":[{"href":"https:\/\/mabuko.co.mz\/site\/index.php?rest_route=%2Fwp%2Fv2%2Fmedia&parent=5118"}],"wp:term":[{"taxonomy":"product_cat","embeddable":true,"href":"https:\/\/mabuko.co.mz\/site\/index.php?rest_route=%2Fwp%2Fv2%2Fproduct_cat&post=5118"},{"taxonomy":"product_tag","embeddable":true,"href":"https:\/\/mabuko.co.mz\/site\/index.php?rest_route=%2Fwp%2Fv2%2Fproduct_tag&post=5118"}],"curies":[{"name":"wp","href":"https:\/\/api.w.org\/{rel}","templated":true}]}}