{"id":5115,"date":"2022-07-15T06:38:04","date_gmt":"2022-07-15T06:38:04","guid":{"rendered":"https:\/\/mabuko.co.mz\/?post_type=product&#038;p=5115"},"modified":"2022-12-30T09:59:22","modified_gmt":"2022-12-30T09:59:22","slug":"um-bom-partido-ii","status":"publish","type":"product","link":"https:\/\/mabuko.co.mz\/site\/?product=um-bom-partido-ii","title":{"rendered":"UM BOM PARTIDO II"},"content":{"rendered":"<p>Vikam Seth<\/p>\n<p>9789722329156<\/p>\n","protected":false},"excerpt":{"rendered":"<div id=\"productPageSectionAboutBook-sinopseTitle\" class=\"right-title\"><strong>SINOPSE<\/strong><\/div>\n<div id=\"productPageSectionAboutBook-sinopse\" class=\"right-text\">\n<p>Eis o segundo volume de um dos mais not\u00e1veis romances contempor\u00e2neos. Os protagonistas dos primeiros cap\u00edtulos prosseguem as suas vidas no ambiente conturbado da \u00cdndia P\u00f3s-Independ\u00eancia. Cada um segue em busca do seu caminho, h\u00e1 conflitos que se resolvem, outros que se agudizam, rela\u00e7\u00f5es que permanecem. As quatro fam\u00edlias principais continuam a instituir la\u00e7os por meio do sistema de castas, embora a fuga seja sempre uma possibilidade\u2026 Este volume tem tamb\u00e9m como cen\u00e1rio alguns dos acontecimentos mais marcantes daquela \u00e9poca, a enorme cat\u00e1strofe de Pul Mela, durante o banho ritual nas \u00e1guas do rio sagrado, o Ganges, e, na esfera pol\u00edtica, a Aboli\u00e7\u00e3o da Lei do Zamindari e a Reforma Agr\u00e1ria de Purva Pradesh. Entretanto, a for\u00e7a do Partido do Congresso declina, minada pelas tens\u00f5es internas. \u00abUm Bom Partido\u00bb \u00e9 um romance poderoso e inteligente que trata de forma vigorosa os m\u00faltiplos e complexos sentimentos humanos.<\/p>\n<\/div>\n","protected":false},"featured_media":5117,"template":"","meta":{"_monsterinsights_skip_tracking":false,"_monsterinsights_sitenote_active":false,"_monsterinsights_sitenote_note":"","_monsterinsights_sitenote_category":0},"product_cat":[105],"product_tag":[],"class_list":{"0":"post-5115","1":"product","2":"type-product","3":"status-publish","4":"has-post-thumbnail","6":"product_cat-romance","7":"pa_book-author-vikram-seth","9":"first","10":"instock","11":"shipping-taxable","12":"purchasable","13":"product-type-simple"},"_links":{"self":[{"href":"https:\/\/mabuko.co.mz\/site\/index.php?rest_route=\/wp\/v2\/product\/5115","targetHints":{"allow":["GET"]}}],"collection":[{"href":"https:\/\/mabuko.co.mz\/site\/index.php?rest_route=\/wp\/v2\/product"}],"about":[{"href":"https:\/\/mabuko.co.mz\/site\/index.php?rest_route=\/wp\/v2\/types\/product"}],"wp:featuredmedia":[{"embeddable":true,"href":"https:\/\/mabuko.co.mz\/site\/index.php?rest_route=\/wp\/v2\/media\/5117"}],"wp:attachment":[{"href":"https:\/\/mabuko.co.mz\/site\/index.php?rest_route=%2Fwp%2Fv2%2Fmedia&parent=5115"}],"wp:term":[{"taxonomy":"product_cat","embeddable":true,"href":"https:\/\/mabuko.co.mz\/site\/index.php?rest_route=%2Fwp%2Fv2%2Fproduct_cat&post=5115"},{"taxonomy":"product_tag","embeddable":true,"href":"https:\/\/mabuko.co.mz\/site\/index.php?rest_route=%2Fwp%2Fv2%2Fproduct_tag&post=5115"}],"curies":[{"name":"wp","href":"https:\/\/api.w.org\/{rel}","templated":true}]}}