{"id":5095,"date":"2022-07-13T12:30:21","date_gmt":"2022-07-13T12:30:21","guid":{"rendered":"https:\/\/mabuko.co.mz\/?post_type=product&#038;p=5095"},"modified":"2022-10-24T13:48:40","modified_gmt":"2022-10-24T13:48:40","slug":"alexandre-o-grande-iii-no-fim-do-mundo","status":"publish","type":"product","link":"https:\/\/mabuko.co.mz\/site\/?product=alexandre-o-grande-iii-no-fim-do-mundo","title":{"rendered":"ALEXANDRE O GRANDE III-No fim do mundo"},"content":{"rendered":"<p>Valerio Massimo Manfredi<\/p>\n<p>9789722325257<\/p>\n","protected":false},"excerpt":{"rendered":"<div id=\"productPageSectionAboutBook-sinopseTitle\" class=\"right-title\"><strong>SINOPSE<\/strong><\/div>\n<div id=\"productPageSectionAboutBook-sinopse\" class=\"right-text\">\n<p>O sonho de Alexandre, o Grande estava prestes a concretizar-se. A realidade do imp\u00e9rio universal estendia-se agora \u00e0 \u00c1sia profunda e \u00e0 \u00cdndia. Mas as vit\u00f3rias b\u00e9licas trazem perdas ao grande senhor da Maced\u00f3nia. Barsine a \u00fanica mulher pela qual estivera almente apaixonado, morre ao tentar salvar o filho num duro combate. Os seus guerreiros mais bravos e os seus mais leais amigos sucumbem \u00e0 dureza das batalhas. S\u00f3 e atormentado Alexandre encontra conforto em Roxana, a rainha que vir\u00e1 a desposar. Mas o press\u00e1gio de Aristrando, o or\u00e1culo que sempre o acompanha, cumpre-se inexoravelmente&#8230; Conhe\u00e7a os seus derradeiros anos de vida no \u00faltimo volume de uma trilogia de grande sucesso internacional que consagra o arque\u00f3logo Valerio Manfredi como um dos mais importantes nomes do romance hist\u00f3rico contempor\u00e2neo.<\/p>\n<\/div>\n","protected":false},"featured_media":5098,"template":"","meta":{"_monsterinsights_skip_tracking":false,"_monsterinsights_sitenote_active":false,"_monsterinsights_sitenote_note":"","_monsterinsights_sitenote_category":0},"product_cat":[105],"product_tag":[],"class_list":{"0":"post-5095","1":"product","2":"type-product","3":"status-publish","4":"has-post-thumbnail","6":"product_cat-romance","7":"pa_book-author-valerio-massimo-manfredi","9":"first","10":"instock","11":"shipping-taxable","12":"purchasable","13":"product-type-simple"},"_links":{"self":[{"href":"https:\/\/mabuko.co.mz\/site\/index.php?rest_route=\/wp\/v2\/product\/5095","targetHints":{"allow":["GET"]}}],"collection":[{"href":"https:\/\/mabuko.co.mz\/site\/index.php?rest_route=\/wp\/v2\/product"}],"about":[{"href":"https:\/\/mabuko.co.mz\/site\/index.php?rest_route=\/wp\/v2\/types\/product"}],"wp:featuredmedia":[{"embeddable":true,"href":"https:\/\/mabuko.co.mz\/site\/index.php?rest_route=\/wp\/v2\/media\/5098"}],"wp:attachment":[{"href":"https:\/\/mabuko.co.mz\/site\/index.php?rest_route=%2Fwp%2Fv2%2Fmedia&parent=5095"}],"wp:term":[{"taxonomy":"product_cat","embeddable":true,"href":"https:\/\/mabuko.co.mz\/site\/index.php?rest_route=%2Fwp%2Fv2%2Fproduct_cat&post=5095"},{"taxonomy":"product_tag","embeddable":true,"href":"https:\/\/mabuko.co.mz\/site\/index.php?rest_route=%2Fwp%2Fv2%2Fproduct_tag&post=5095"}],"curies":[{"name":"wp","href":"https:\/\/api.w.org\/{rel}","templated":true}]}}