{"id":5094,"date":"2022-07-13T11:58:28","date_gmt":"2022-07-13T11:58:28","guid":{"rendered":"https:\/\/mabuko.co.mz\/?post_type=product&#038;p=5094"},"modified":"2022-12-30T08:40:33","modified_gmt":"2022-12-30T08:40:33","slug":"alexandre-o-grande-i-o-filho-dos-sonhos","status":"publish","type":"product","link":"https:\/\/mabuko.co.mz\/site\/?product=alexandre-o-grande-i-o-filho-dos-sonhos","title":{"rendered":"ALEXANDRE O GRANDE I-O filho do sonho"},"content":{"rendered":"<p>Valerio Massimo Manfredi<\/p>\n<p>9789722323987<\/p>\n","protected":false},"excerpt":{"rendered":"<p><strong>SINOPSE<\/strong><\/p>\n<p>Filho do sonho de promover a fus\u00e3o entre as culturas grega e persa atrav\u00e9s de casamentos mistos, Alexandre, o Grande conseguiria o maior imp\u00e9rio da hist\u00f3ria do mundo antigo. Jovem, belo, inteligente, corajoso e precocemente desaparecido com uma estranha forma de febre tif\u00f3ide, o grande senhor da Maced\u00f3nia tornar-se-\u00eda numa figura lend\u00e1ria ao longo dos tempos. Da autoria de um multifacetado arque\u00f3logo considerado o Christian Jacq italiano, o livro que inicia, uma trilogia acerca da vida desta m\u00edtica personalidade hist\u00f3rica e que tem vindo a arrebatar as mais importantes listas de vendas em It\u00e1lia e n\u00e3o s\u00f3. A n\u00e3o perder!<\/p>\n","protected":false},"featured_media":5983,"template":"","meta":{"_monsterinsights_skip_tracking":false,"_monsterinsights_sitenote_active":false,"_monsterinsights_sitenote_note":"","_monsterinsights_sitenote_category":0},"product_cat":[105],"product_tag":[],"class_list":{"0":"post-5094","1":"product","2":"type-product","3":"status-publish","4":"has-post-thumbnail","6":"product_cat-romance","7":"pa_book-author-valerio-massimo-manfredi","9":"first","10":"instock","11":"shipping-taxable","12":"purchasable","13":"product-type-simple"},"_links":{"self":[{"href":"https:\/\/mabuko.co.mz\/site\/index.php?rest_route=\/wp\/v2\/product\/5094","targetHints":{"allow":["GET"]}}],"collection":[{"href":"https:\/\/mabuko.co.mz\/site\/index.php?rest_route=\/wp\/v2\/product"}],"about":[{"href":"https:\/\/mabuko.co.mz\/site\/index.php?rest_route=\/wp\/v2\/types\/product"}],"wp:featuredmedia":[{"embeddable":true,"href":"https:\/\/mabuko.co.mz\/site\/index.php?rest_route=\/wp\/v2\/media\/5983"}],"wp:attachment":[{"href":"https:\/\/mabuko.co.mz\/site\/index.php?rest_route=%2Fwp%2Fv2%2Fmedia&parent=5094"}],"wp:term":[{"taxonomy":"product_cat","embeddable":true,"href":"https:\/\/mabuko.co.mz\/site\/index.php?rest_route=%2Fwp%2Fv2%2Fproduct_cat&post=5094"},{"taxonomy":"product_tag","embeddable":true,"href":"https:\/\/mabuko.co.mz\/site\/index.php?rest_route=%2Fwp%2Fv2%2Fproduct_tag&post=5094"}],"curies":[{"name":"wp","href":"https:\/\/api.w.org\/{rel}","templated":true}]}}