{"id":5093,"date":"2022-07-13T14:17:00","date_gmt":"2022-07-13T14:17:00","guid":{"rendered":"https:\/\/mabuko.co.mz\/?post_type=product&#038;p=5093"},"modified":"2022-10-24T13:45:38","modified_gmt":"2022-10-24T13:45:38","slug":"cruel-e-invulgar","status":"publish","type":"product","link":"https:\/\/mabuko.co.mz\/site\/?product=cruel-e-invulgar","title":{"rendered":"CRUEL E INVULGAR"},"content":{"rendered":"<p>Patricia Cornwell<\/p>\n<p>9789722323857<\/p>\n","protected":false},"excerpt":{"rendered":"<p>A transpar\u00eancia da escrita de Patricia Cornwell, deixa filtrar um mundo gelado de corredores da morte, de salas de morgue asseptizadas onde se retalham corpos sem vida, de gabinetes onde o pulsam incessantes as luzes dos terminais de computador. a pr\u00f3pria natureza \u00e9 gelada&#8230;paira sempre a cor do sangue. Ela \u00e9 essencial no combate ao crime pela forma eximia como faz falar os sinais deixados pelos criminosos nos corpos das suas vitimas. por\u00e9m, sob a apar\u00eancia profissional da medica legista, pulsa algo de fr\u00e1gil que nos cativa. Neste novo romance, a autora, leva ainda mais longe a sua inteligente arte de complexficar o labirinto dos factos que se contradizem t\u00e3o estranhamente. A \u00a0n\u00e3o ser assim, como poderia aparecer no local de um segundo crime a impress\u00e3o digital de um homem depois de ter sido executado? Um livro que a critica considerou um novo pico atingido na carreira liter\u00e1ria de uma autora j\u00e1 considerada uma das maiores no panorama do nov\u00edssimo policial.<\/p>\n","protected":false},"featured_media":5104,"template":"","meta":{"_monsterinsights_skip_tracking":false,"_monsterinsights_sitenote_active":false,"_monsterinsights_sitenote_note":"","_monsterinsights_sitenote_category":0},"product_cat":[105],"product_tag":[],"class_list":{"0":"post-5093","1":"product","2":"type-product","3":"status-publish","4":"has-post-thumbnail","6":"product_cat-romance","7":"pa_book-author-patricia-cornwell","9":"first","10":"instock","11":"shipping-taxable","12":"purchasable","13":"product-type-simple"},"_links":{"self":[{"href":"https:\/\/mabuko.co.mz\/site\/index.php?rest_route=\/wp\/v2\/product\/5093","targetHints":{"allow":["GET"]}}],"collection":[{"href":"https:\/\/mabuko.co.mz\/site\/index.php?rest_route=\/wp\/v2\/product"}],"about":[{"href":"https:\/\/mabuko.co.mz\/site\/index.php?rest_route=\/wp\/v2\/types\/product"}],"wp:featuredmedia":[{"embeddable":true,"href":"https:\/\/mabuko.co.mz\/site\/index.php?rest_route=\/wp\/v2\/media\/5104"}],"wp:attachment":[{"href":"https:\/\/mabuko.co.mz\/site\/index.php?rest_route=%2Fwp%2Fv2%2Fmedia&parent=5093"}],"wp:term":[{"taxonomy":"product_cat","embeddable":true,"href":"https:\/\/mabuko.co.mz\/site\/index.php?rest_route=%2Fwp%2Fv2%2Fproduct_cat&post=5093"},{"taxonomy":"product_tag","embeddable":true,"href":"https:\/\/mabuko.co.mz\/site\/index.php?rest_route=%2Fwp%2Fv2%2Fproduct_tag&post=5093"}],"curies":[{"name":"wp","href":"https:\/\/api.w.org\/{rel}","templated":true}]}}