{"id":5090,"date":"2022-07-13T11:37:21","date_gmt":"2022-07-13T11:37:21","guid":{"rendered":"https:\/\/mabuko.co.mz\/?post_type=product&#038;p=5090"},"modified":"2022-12-30T08:41:38","modified_gmt":"2022-12-30T08:41:38","slug":"historia-da-economia-mundial-contemporanea","status":"publish","type":"product","link":"https:\/\/mabuko.co.mz\/site\/?product=historia-da-economia-mundial-contemporanea","title":{"rendered":"HIST\u00d3RIA DA ECONOMIA MUNDIAL CONTEMPOR\u00c2NEA"},"content":{"rendered":"<p>Ana Bela Nunes<\/p>\n<p>Nuno Val\u00e9rio<\/p>\n<p>9789722321556<\/p>\n","protected":false},"excerpt":{"rendered":"<div id=\"productPageSectionAboutBook-sinopseTitle\" class=\"right-title\"><strong>SINOPSE<\/strong><\/div>\n<div id=\"productPageSectionAboutBook-sinopse\" class=\"right-text\">\n<p>Este volume foi concebido em sequ\u00eancia da publica\u00e7\u00e3o de \u00abO Crescimento Econ\u00f3mico Moderno\u00bb e \u00e9 tamb\u00e9m um manual universit\u00e1rio de n\u00edvel elementar. Os seus objectivos s\u00e3o dotar aqueles que se iniciam no estudo da hist\u00f3ria econ\u00f3mica dos s\u00e9culos XIX e XX com as bases necess\u00e1rias ao desenvolvimento de estudos mais especializados e constituir um quadro de refer\u00eancia suficientemente amplo para alunos de outras \u00e1reas, que t\u00eam de ter em conta a economia como factor interveniente nos seus dom\u00ednios espec\u00edficos. A an\u00e1lise aqui levada a cabo \u00e9 feita de forma din\u00e2mica e integrada, contemplando as diferentes fases e evolu\u00e7\u00f5es das sociedades, de acordo com o car\u00e1cter objectivo do seu devir. Os temas principais da bibliografia utilizada abordam a economia mundial do s\u00e9culo XVIII, a forma\u00e7\u00e3o da economia mundial contempor\u00e2nea, a Belle \u00c9poque, a \u00e9poca das guerras e das crises e a economia do s\u00e9culo XX.<\/p>\n<\/div>\n","protected":false},"featured_media":5091,"template":"","meta":{"_monsterinsights_skip_tracking":false,"_monsterinsights_sitenote_active":false,"_monsterinsights_sitenote_note":"","_monsterinsights_sitenote_category":0},"product_cat":[102],"product_tag":[],"class_list":{"0":"post-5090","1":"product","2":"type-product","3":"status-publish","4":"has-post-thumbnail","6":"product_cat-livros-tecnicos","7":"pa_book-author-ana-bela-nunes","8":"pa_book-author-nuno-valerio","10":"first","11":"outofstock","12":"shipping-taxable","13":"purchasable","14":"product-type-simple"},"_links":{"self":[{"href":"https:\/\/mabuko.co.mz\/site\/index.php?rest_route=\/wp\/v2\/product\/5090","targetHints":{"allow":["GET"]}}],"collection":[{"href":"https:\/\/mabuko.co.mz\/site\/index.php?rest_route=\/wp\/v2\/product"}],"about":[{"href":"https:\/\/mabuko.co.mz\/site\/index.php?rest_route=\/wp\/v2\/types\/product"}],"wp:featuredmedia":[{"embeddable":true,"href":"https:\/\/mabuko.co.mz\/site\/index.php?rest_route=\/wp\/v2\/media\/5091"}],"wp:attachment":[{"href":"https:\/\/mabuko.co.mz\/site\/index.php?rest_route=%2Fwp%2Fv2%2Fmedia&parent=5090"}],"wp:term":[{"taxonomy":"product_cat","embeddable":true,"href":"https:\/\/mabuko.co.mz\/site\/index.php?rest_route=%2Fwp%2Fv2%2Fproduct_cat&post=5090"},{"taxonomy":"product_tag","embeddable":true,"href":"https:\/\/mabuko.co.mz\/site\/index.php?rest_route=%2Fwp%2Fv2%2Fproduct_tag&post=5090"}],"curies":[{"name":"wp","href":"https:\/\/api.w.org\/{rel}","templated":true}]}}