{"id":5087,"date":"2022-07-13T10:20:33","date_gmt":"2022-07-13T10:20:33","guid":{"rendered":"https:\/\/mabuko.co.mz\/?post_type=product&#038;p=5087"},"modified":"2022-12-30T08:42:50","modified_gmt":"2022-12-30T08:42:50","slug":"principios-de-gestao-financeira","status":"publish","type":"product","link":"https:\/\/mabuko.co.mz\/site\/?product=principios-de-gestao-financeira","title":{"rendered":"PRINC\u00cdPIOS DE GEST\u00c3O  FINANCEIRA"},"content":{"rendered":"<p>H. Caldeira Menezes<\/p>\n<p>9789722314039<\/p>\n","protected":false},"excerpt":{"rendered":"<div id=\"productPageSectionAboutBook-sinopseTitle\" class=\"right-title\"><strong>SINOPSE<\/strong><\/div>\n<div id=\"productPageSectionAboutBook-sinopse\" class=\"right-text\">\n<p>O presente livro dirige-se essencialmente aos gestores interessados numa correcta administra\u00e7\u00e3o da sua empresa. O autor aborda com clareza e rigor os conceitos fundamentais da gest\u00e3o financeira de empresas de forma a facultar uma eficiente tomada de decis\u00f5es a todos os n\u00edveis. Organizado em grandes \u00e1reas tem\u00e1ticas &#8211; a rentabilidade da empresa, a gest\u00e3o da tesouraria, a an\u00e1lise dos investimentos e o planeamento financeiro a m\u00e9dio prazo -, cada uma delas subdividida em numerosos pontos que sistematizam o seu conte\u00fado ao mesmo tempo que o aprofundam, este livro constitui um manual da maior utilidade, tendo tamb\u00e9m em conta os muitos exemplos pr\u00e1ticos, mapas e diagramas convenientemente apresentados.<\/p>\n<\/div>\n","protected":false},"featured_media":5088,"template":"","meta":{"_monsterinsights_skip_tracking":false,"_monsterinsights_sitenote_active":false,"_monsterinsights_sitenote_note":"","_monsterinsights_sitenote_category":0},"product_cat":[102],"product_tag":[],"class_list":{"0":"post-5087","1":"product","2":"type-product","3":"status-publish","4":"has-post-thumbnail","6":"product_cat-livros-tecnicos","7":"pa_book-author-h-caldeira-menezes","9":"first","10":"outofstock","11":"shipping-taxable","12":"purchasable","13":"product-type-simple"},"_links":{"self":[{"href":"https:\/\/mabuko.co.mz\/site\/index.php?rest_route=\/wp\/v2\/product\/5087","targetHints":{"allow":["GET"]}}],"collection":[{"href":"https:\/\/mabuko.co.mz\/site\/index.php?rest_route=\/wp\/v2\/product"}],"about":[{"href":"https:\/\/mabuko.co.mz\/site\/index.php?rest_route=\/wp\/v2\/types\/product"}],"wp:featuredmedia":[{"embeddable":true,"href":"https:\/\/mabuko.co.mz\/site\/index.php?rest_route=\/wp\/v2\/media\/5088"}],"wp:attachment":[{"href":"https:\/\/mabuko.co.mz\/site\/index.php?rest_route=%2Fwp%2Fv2%2Fmedia&parent=5087"}],"wp:term":[{"taxonomy":"product_cat","embeddable":true,"href":"https:\/\/mabuko.co.mz\/site\/index.php?rest_route=%2Fwp%2Fv2%2Fproduct_cat&post=5087"},{"taxonomy":"product_tag","embeddable":true,"href":"https:\/\/mabuko.co.mz\/site\/index.php?rest_route=%2Fwp%2Fv2%2Fproduct_tag&post=5087"}],"curies":[{"name":"wp","href":"https:\/\/api.w.org\/{rel}","templated":true}]}}