{"id":5085,"date":"2022-07-13T10:12:05","date_gmt":"2022-07-13T10:12:05","guid":{"rendered":"https:\/\/mabuko.co.mz\/?post_type=product&#038;p=5085"},"modified":"2022-10-24T13:56:49","modified_gmt":"2022-10-24T13:56:49","slug":"receitas-para-o-micro-ondas","status":"publish","type":"product","link":"https:\/\/mabuko.co.mz\/site\/?product=receitas-para-o-micro-ondas","title":{"rendered":"RECEITAS PARA O MICRO-ONDAS"},"content":{"rendered":"<p>Cornelia Schinharl<\/p>\n<p>9789722319577<\/p>\n","protected":false},"excerpt":{"rendered":"<div id=\"productPageSectionAboutBook-sinopseTitle\" class=\"right-title\"><strong>SINOPSE<\/strong><\/div>\n<div id=\"productPageSectionAboutBook-sinopse\" class=\"right-text\">\n<p>Este livro de cozinha apresenta uma larga variedade de receitas pr\u00e1ticas e atractivas que pode preparar no micro-ondas. Aprenda a cozinhar entradas e sopas, carnes, peixes e legumes em poucos minutos e saiba como fazer uma deliciosa sobremesa \u00e0 \u00faltima hora. Todas estas receitas conservam vitaminas e subst\u00e2ncias minerais e tiram o m\u00e1ximo partido dos alimentos, conferindo a cada prato o sabor natural dos ingredientes nele utilizados. Para que possa desfrutar ainda mais desta arte de cozinhar r\u00e1pida e facilmente, s\u00e3o-lhe fornecidas informa\u00e7\u00f5es importantes e sugest\u00f5es \u00fateis sobre o micro-ondas, o seu modo de funcionamento, a lou\u00e7a adequada, como aquecer e descongelar alimentos. Uma tabela de convers\u00f5es e um \u00edndice de receitas e ingredientes no final do livro tornam a sua consulta ainda mais f\u00e1cil.<\/p>\n<\/div>\n","protected":false},"featured_media":5110,"template":"","meta":{"_monsterinsights_skip_tracking":false,"_monsterinsights_sitenote_active":false,"_monsterinsights_sitenote_note":"","_monsterinsights_sitenote_category":0},"product_cat":[233],"product_tag":[],"class_list":{"0":"post-5085","1":"product","2":"type-product","3":"status-publish","4":"has-post-thumbnail","6":"product_cat-livros-praticos","7":"pa_book-author-cornelia-schinharl","9":"first","10":"instock","11":"shipping-taxable","12":"purchasable","13":"product-type-simple"},"_links":{"self":[{"href":"https:\/\/mabuko.co.mz\/site\/index.php?rest_route=\/wp\/v2\/product\/5085","targetHints":{"allow":["GET"]}}],"collection":[{"href":"https:\/\/mabuko.co.mz\/site\/index.php?rest_route=\/wp\/v2\/product"}],"about":[{"href":"https:\/\/mabuko.co.mz\/site\/index.php?rest_route=\/wp\/v2\/types\/product"}],"wp:featuredmedia":[{"embeddable":true,"href":"https:\/\/mabuko.co.mz\/site\/index.php?rest_route=\/wp\/v2\/media\/5110"}],"wp:attachment":[{"href":"https:\/\/mabuko.co.mz\/site\/index.php?rest_route=%2Fwp%2Fv2%2Fmedia&parent=5085"}],"wp:term":[{"taxonomy":"product_cat","embeddable":true,"href":"https:\/\/mabuko.co.mz\/site\/index.php?rest_route=%2Fwp%2Fv2%2Fproduct_cat&post=5085"},{"taxonomy":"product_tag","embeddable":true,"href":"https:\/\/mabuko.co.mz\/site\/index.php?rest_route=%2Fwp%2Fv2%2Fproduct_tag&post=5085"}],"curies":[{"name":"wp","href":"https:\/\/api.w.org\/{rel}","templated":true}]}}