{"id":5083,"date":"2022-07-13T09:33:52","date_gmt":"2022-07-13T09:33:52","guid":{"rendered":"https:\/\/mabuko.co.mz\/?post_type=product&#038;p=5083"},"modified":"2022-12-30T09:10:23","modified_gmt":"2022-12-30T09:10:23","slug":"a-filha-do-canibal","status":"publish","type":"product","link":"https:\/\/mabuko.co.mz\/site\/?product=a-filha-do-canibal","title":{"rendered":"A FILHA DO CANIBAL"},"content":{"rendered":"<p>Rosa Montero<\/p>\n<p>9789722322522<\/p>\n","protected":false},"excerpt":{"rendered":"<div id=\"productPageSectionAboutBook-sinopseTitle\" class=\"right-title\"><strong>SINOPSE<\/strong><\/div>\n<div id=\"productPageSectionAboutBook-sinopse\" class=\"right-text\">\n<p>Ram\u00f3n, homem aparentemente pacato casado com L\u00facia Romero h\u00e1 mais de dez anos (mais por h\u00e1bito do que por amor), \u00e9 v\u00edtima de um sequestro. L\u00facia \u00e9 uma mulher de quarenta anos, a quem a vida j\u00e1 magoou, mas que nem por isso perdeu o implac\u00e1vel sentido de humor &#8211; \u00e0 boa maneira do detective do policial negro. Mas este romance transcende exuberantemente os c\u00e2nones do policial cl\u00e1ssico: o percurso da hero\u00edna \u00e9 antes uma deriva que a conduz \u00e0 descoberta de verdades insuspeitadas. Adri\u00e1n, um jovem de vinte e um anos, e F\u00e9lix, um anarquista octogen\u00e1rio, acompanham-na no desvendar do mist\u00e9rio. Todos tr\u00eas constituem um tri\u00e2ngulo que confere subst\u00e2ncia a tr\u00eas idades da vida, encenando o drama em que se joga o obscuro sentido da passagem do tempo. \u00abA Filha do Canibal\u00bb foi agraciado com o Pr\u00e9mio Primavera Narrativa de 1997.<\/p>\n<\/div>\n","protected":false},"featured_media":5106,"template":"","meta":{"_monsterinsights_skip_tracking":false,"_monsterinsights_sitenote_active":false,"_monsterinsights_sitenote_note":"","_monsterinsights_sitenote_category":0},"product_cat":[103,105],"product_tag":[],"class_list":{"0":"post-5083","1":"product","2":"type-product","3":"status-publish","4":"has-post-thumbnail","6":"product_cat-literatura","7":"product_cat-romance","8":"pa_book-author-rosa-montero","10":"first","11":"instock","12":"shipping-taxable","13":"purchasable","14":"product-type-simple"},"_links":{"self":[{"href":"https:\/\/mabuko.co.mz\/site\/index.php?rest_route=\/wp\/v2\/product\/5083","targetHints":{"allow":["GET"]}}],"collection":[{"href":"https:\/\/mabuko.co.mz\/site\/index.php?rest_route=\/wp\/v2\/product"}],"about":[{"href":"https:\/\/mabuko.co.mz\/site\/index.php?rest_route=\/wp\/v2\/types\/product"}],"wp:featuredmedia":[{"embeddable":true,"href":"https:\/\/mabuko.co.mz\/site\/index.php?rest_route=\/wp\/v2\/media\/5106"}],"wp:attachment":[{"href":"https:\/\/mabuko.co.mz\/site\/index.php?rest_route=%2Fwp%2Fv2%2Fmedia&parent=5083"}],"wp:term":[{"taxonomy":"product_cat","embeddable":true,"href":"https:\/\/mabuko.co.mz\/site\/index.php?rest_route=%2Fwp%2Fv2%2Fproduct_cat&post=5083"},{"taxonomy":"product_tag","embeddable":true,"href":"https:\/\/mabuko.co.mz\/site\/index.php?rest_route=%2Fwp%2Fv2%2Fproduct_tag&post=5083"}],"curies":[{"name":"wp","href":"https:\/\/api.w.org\/{rel}","templated":true}]}}