{"id":5081,"date":"2022-07-13T09:22:19","date_gmt":"2022-07-13T09:22:19","guid":{"rendered":"https:\/\/mabuko.co.mz\/?post_type=product&#038;p=5081"},"modified":"2022-12-30T09:09:52","modified_gmt":"2022-12-30T09:09:52","slug":"os-trabalhos-de-casa","status":"publish","type":"product","link":"https:\/\/mabuko.co.mz\/site\/?product=os-trabalhos-de-casa","title":{"rendered":"OS TRABALHOS DE CASA"},"content":{"rendered":"<p>Philippe Meirieu<\/p>\n<p>9789722322621<\/p>\n","protected":false},"excerpt":{"rendered":"<div id=\"productPageSectionAboutBook-sinopseTitle\" class=\"right-title\"><strong>SINOPSE<\/strong><\/div>\n<div id=\"productPageSectionAboutBook-sinopse\" class=\"right-text\">\n<p>Este livro vem revolucionar uma concep\u00e7\u00e3o de aprendizagem escolar que estamos habituados a considerar como um dado adquirido e de que nos servimos comodamente para justificar casos de insucesso escolar. Partindo do princ\u00edpio de que o essencial deve (ou deveria) ser feito na aula, o autor visa dois objectivos: promover uma colabora\u00e7\u00e3o eficaz entre pais, professores e jovens alunos; estimular em todos os intervenientes deste processo uma compreens\u00e3o clara da fun\u00e7\u00e3o dos diversos tipos de &#8220;trabalhos de casa&#8221; e dos m\u00e9todos a desenvolver. Factores pessoais e subjectivos s\u00e3o aqui tomados como essenciais para a qualidade do trabalho desenvolvido e para o enriquecimento humano dos jovens em forma\u00e7\u00e3o.<\/p>\n<\/div>\n","protected":false},"featured_media":5082,"template":"","meta":{"_monsterinsights_skip_tracking":false,"_monsterinsights_sitenote_active":false,"_monsterinsights_sitenote_note":"","_monsterinsights_sitenote_category":0},"product_cat":[101],"product_tag":[],"class_list":{"0":"post-5081","1":"product","2":"type-product","3":"status-publish","4":"has-post-thumbnail","6":"product_cat-livros-escolares","7":"pa_book-author-philippe-meirieu","9":"first","10":"instock","11":"shipping-taxable","12":"purchasable","13":"product-type-simple"},"_links":{"self":[{"href":"https:\/\/mabuko.co.mz\/site\/index.php?rest_route=\/wp\/v2\/product\/5081","targetHints":{"allow":["GET"]}}],"collection":[{"href":"https:\/\/mabuko.co.mz\/site\/index.php?rest_route=\/wp\/v2\/product"}],"about":[{"href":"https:\/\/mabuko.co.mz\/site\/index.php?rest_route=\/wp\/v2\/types\/product"}],"wp:featuredmedia":[{"embeddable":true,"href":"https:\/\/mabuko.co.mz\/site\/index.php?rest_route=\/wp\/v2\/media\/5082"}],"wp:attachment":[{"href":"https:\/\/mabuko.co.mz\/site\/index.php?rest_route=%2Fwp%2Fv2%2Fmedia&parent=5081"}],"wp:term":[{"taxonomy":"product_cat","embeddable":true,"href":"https:\/\/mabuko.co.mz\/site\/index.php?rest_route=%2Fwp%2Fv2%2Fproduct_cat&post=5081"},{"taxonomy":"product_tag","embeddable":true,"href":"https:\/\/mabuko.co.mz\/site\/index.php?rest_route=%2Fwp%2Fv2%2Fproduct_tag&post=5081"}],"curies":[{"name":"wp","href":"https:\/\/api.w.org\/{rel}","templated":true}]}}