{"id":5079,"date":"2022-07-13T09:14:40","date_gmt":"2022-07-13T09:14:40","guid":{"rendered":"https:\/\/mabuko.co.mz\/?post_type=product&#038;p=5079"},"modified":"2022-12-30T08:48:02","modified_gmt":"2022-12-30T08:48:02","slug":"o-dono-da-cidade","status":"publish","type":"product","link":"https:\/\/mabuko.co.mz\/site\/?product=o-dono-da-cidade","title":{"rendered":"O DONO DA CIDADE"},"content":{"rendered":"<p>Aleksandra Mar\u00ednina<\/p>\n<p>9789722325288<\/p>\n","protected":false},"excerpt":{"rendered":"<div id=\"productPageSectionAboutBook-sinopseTitle\" class=\"right-title\"><strong>SINOPSE<\/strong><\/div>\n<div id=\"productPageSectionAboutBook-sinopse\" class=\"right-text\">\n<p>N\u00e1stasia Kam\u00e9nskaia, inspectora da pol\u00edcia criminal de Moscovo, nunca poderia imaginar que aquela supostamente regeneradora estadia no Centro de Repouso Girassol, situado numa pequena cidade russa, iria revelar-se horrivelmente violenta. Por detr\u00e1s de uma aparente tranquilidade, a hero\u00edna dos romances policiais de Aleksandra Mar\u00ednina vem a descobrir afinal uma tortuosa hist\u00f3ria de v\u00edcio e crueldade. Da autoria de uma ex-especialista em criminologia do Minist\u00e9rio do Interior da R\u00fassia, a quem j\u00e1 chamam a Agatha Christie de leste, \u00abO Dono da Cidade\u00bb introduz uma autora-revela\u00e7\u00e3o na singular colec\u00e7\u00e3o de policiais \u00abO Fio da Navalha\u00bb<\/p>\n<\/div>\n","protected":false},"featured_media":5080,"template":"","meta":{"_monsterinsights_skip_tracking":false,"_monsterinsights_sitenote_active":false,"_monsterinsights_sitenote_note":"","_monsterinsights_sitenote_category":0},"product_cat":[103],"product_tag":[],"class_list":{"0":"post-5079","1":"product","2":"type-product","3":"status-publish","4":"has-post-thumbnail","6":"product_cat-literatura","7":"pa_book-author-aleksandra-marinina","9":"first","10":"outofstock","11":"shipping-taxable","12":"purchasable","13":"product-type-simple"},"_links":{"self":[{"href":"https:\/\/mabuko.co.mz\/site\/index.php?rest_route=\/wp\/v2\/product\/5079","targetHints":{"allow":["GET"]}}],"collection":[{"href":"https:\/\/mabuko.co.mz\/site\/index.php?rest_route=\/wp\/v2\/product"}],"about":[{"href":"https:\/\/mabuko.co.mz\/site\/index.php?rest_route=\/wp\/v2\/types\/product"}],"wp:featuredmedia":[{"embeddable":true,"href":"https:\/\/mabuko.co.mz\/site\/index.php?rest_route=\/wp\/v2\/media\/5080"}],"wp:attachment":[{"href":"https:\/\/mabuko.co.mz\/site\/index.php?rest_route=%2Fwp%2Fv2%2Fmedia&parent=5079"}],"wp:term":[{"taxonomy":"product_cat","embeddable":true,"href":"https:\/\/mabuko.co.mz\/site\/index.php?rest_route=%2Fwp%2Fv2%2Fproduct_cat&post=5079"},{"taxonomy":"product_tag","embeddable":true,"href":"https:\/\/mabuko.co.mz\/site\/index.php?rest_route=%2Fwp%2Fv2%2Fproduct_tag&post=5079"}],"curies":[{"name":"wp","href":"https:\/\/api.w.org\/{rel}","templated":true}]}}