{"id":5078,"date":"2022-07-13T09:03:04","date_gmt":"2022-07-13T09:03:04","guid":{"rendered":"https:\/\/mabuko.co.mz\/?post_type=product&#038;p=5078"},"modified":"2022-10-24T14:10:32","modified_gmt":"2022-10-24T14:10:32","slug":"violetas-de-marco","status":"publish","type":"product","link":"https:\/\/mabuko.co.mz\/site\/?product=violetas-de-marco","title":{"rendered":"VIOLETAS DE MAR\u00c7O"},"content":{"rendered":"<p>Philip Kerr<\/p>\n<p>9789722325639<\/p>\n","protected":false},"excerpt":{"rendered":"<p><strong>SINOPSE<\/strong><\/p>\n<p align=\"justify\">Depois de &#8220;Um Assassino entre os Fil\u00f3sofos&#8221;, Philip Kerr regressa \u00e0 colec\u00e7\u00e3o \u00abO Fio da Navalha\u00bb com a obra &#8220;Violetas de Mar\u00e7o&#8221;, um policial pertencente a uma trilogia chamada \u00abBerlin Noir\u00bb, cujos volumes seguintes foram publicados oportunamente pela Editorial Presen\u00e7a.<\/p>\n<p align=\"justify\">A ac\u00e7\u00e3o de &#8220;Violetas de Mar\u00e7o&#8221; decorre na Berlim hitleriana dos anos 30 e tem como personagem principal o carism\u00e1tico Bernie Gunther, um detective privado de 38 anos especializado em desaparecimentos, que \u00e9 contactado por um importante industrial alem\u00e3o que pretende ver investigado o assassinato da sua filha e do seu genro, um homem totalmente devoto \u00e0 causa nazi. \u00c0 medida que vai aprofundando a sua investiga\u00e7\u00e3o, Gunther vai afinal descobrindo os meandros da corrup\u00e7\u00e3o do III Reich. Um policial que mistura habilmente a fic\u00e7\u00e3o policial e o romance hist\u00f3rico.<\/p>\n","protected":false},"featured_media":5107,"template":"","meta":{"_monsterinsights_skip_tracking":false,"_monsterinsights_sitenote_active":false,"_monsterinsights_sitenote_note":"","_monsterinsights_sitenote_category":0},"product_cat":[103],"product_tag":[],"class_list":{"0":"post-5078","1":"product","2":"type-product","3":"status-publish","4":"has-post-thumbnail","6":"product_cat-literatura","7":"pa_book-author-philip-kerr","9":"first","10":"outofstock","11":"shipping-taxable","12":"purchasable","13":"product-type-simple"},"_links":{"self":[{"href":"https:\/\/mabuko.co.mz\/site\/index.php?rest_route=\/wp\/v2\/product\/5078","targetHints":{"allow":["GET"]}}],"collection":[{"href":"https:\/\/mabuko.co.mz\/site\/index.php?rest_route=\/wp\/v2\/product"}],"about":[{"href":"https:\/\/mabuko.co.mz\/site\/index.php?rest_route=\/wp\/v2\/types\/product"}],"wp:featuredmedia":[{"embeddable":true,"href":"https:\/\/mabuko.co.mz\/site\/index.php?rest_route=\/wp\/v2\/media\/5107"}],"wp:attachment":[{"href":"https:\/\/mabuko.co.mz\/site\/index.php?rest_route=%2Fwp%2Fv2%2Fmedia&parent=5078"}],"wp:term":[{"taxonomy":"product_cat","embeddable":true,"href":"https:\/\/mabuko.co.mz\/site\/index.php?rest_route=%2Fwp%2Fv2%2Fproduct_cat&post=5078"},{"taxonomy":"product_tag","embeddable":true,"href":"https:\/\/mabuko.co.mz\/site\/index.php?rest_route=%2Fwp%2Fv2%2Fproduct_tag&post=5078"}],"curies":[{"name":"wp","href":"https:\/\/api.w.org\/{rel}","templated":true}]}}