{"id":5076,"date":"2022-07-13T08:46:28","date_gmt":"2022-07-13T08:46:28","guid":{"rendered":"https:\/\/mabuko.co.mz\/?post_type=product&#038;p=5076"},"modified":"2022-12-30T08:50:02","modified_gmt":"2022-12-30T08:50:02","slug":"miudas-apaixonadas","status":"publish","type":"product","link":"https:\/\/mabuko.co.mz\/site\/?product=miudas-apaixonadas","title":{"rendered":"MI\u00daDAS APAIXONADAS"},"content":{"rendered":"<p>Jacqueline Wilson<\/p>\n<p>9789722325882<\/p>\n","protected":false},"excerpt":{"rendered":"<p><strong>SINOPSE<\/strong><\/p>\n<p>Ellie n\u00e3o conseguia olhar para os lados sem ficar deprimida: as suas duas melhores amigas eram altas, magras e super&#8230; n\u00e3o&#8230; hiper atraentes, j\u00e1 para n\u00e3o falar da madrasta que era uma aut\u00eantica Claudia Schiffer. Com Ellie as coisas eram de facto diferentes. Quando se olhava ao espelho apenas via protuber\u00e2ncias em s\u00edtios inconvenientes e contrariamente ao que acontecia com as suas colegas de turma, n\u00e3o conseguia arranjar namorado. Mas havia Dan, o doce e amoroso Dan, que tinha uma ternura especial pelas suas avantajadas curvinhas&#8230;Mais um volume da estrondosa colec\u00e7\u00e3o \u00abClube das Amigas\u00bb que n\u00e3o querer\u00e1s deixar de ler<\/p>\n","protected":false},"featured_media":5077,"template":"","meta":{"_monsterinsights_skip_tracking":false,"_monsterinsights_sitenote_active":false,"_monsterinsights_sitenote_note":"","_monsterinsights_sitenote_category":0},"product_cat":[135],"product_tag":[],"class_list":{"0":"post-5076","1":"product","2":"type-product","3":"status-publish","4":"has-post-thumbnail","6":"product_cat-infantil","7":"pa_book-author-jacqueline-wilson","9":"first","10":"outofstock","11":"shipping-taxable","12":"purchasable","13":"product-type-simple"},"_links":{"self":[{"href":"https:\/\/mabuko.co.mz\/site\/index.php?rest_route=\/wp\/v2\/product\/5076","targetHints":{"allow":["GET"]}}],"collection":[{"href":"https:\/\/mabuko.co.mz\/site\/index.php?rest_route=\/wp\/v2\/product"}],"about":[{"href":"https:\/\/mabuko.co.mz\/site\/index.php?rest_route=\/wp\/v2\/types\/product"}],"wp:featuredmedia":[{"embeddable":true,"href":"https:\/\/mabuko.co.mz\/site\/index.php?rest_route=\/wp\/v2\/media\/5077"}],"wp:attachment":[{"href":"https:\/\/mabuko.co.mz\/site\/index.php?rest_route=%2Fwp%2Fv2%2Fmedia&parent=5076"}],"wp:term":[{"taxonomy":"product_cat","embeddable":true,"href":"https:\/\/mabuko.co.mz\/site\/index.php?rest_route=%2Fwp%2Fv2%2Fproduct_cat&post=5076"},{"taxonomy":"product_tag","embeddable":true,"href":"https:\/\/mabuko.co.mz\/site\/index.php?rest_route=%2Fwp%2Fv2%2Fproduct_tag&post=5076"}],"curies":[{"name":"wp","href":"https:\/\/api.w.org\/{rel}","templated":true}]}}