{"id":5074,"date":"2022-07-13T08:38:56","date_gmt":"2022-07-13T08:38:56","guid":{"rendered":"https:\/\/mabuko.co.mz\/?post_type=product&#038;p=5074"},"modified":"2026-03-22T20:35:25","modified_gmt":"2026-03-22T20:35:25","slug":"marketing-para-o-seculo-xxi","status":"publish","type":"product","link":"https:\/\/mabuko.co.mz\/site\/?product=marketing-para-o-seculo-xxi","title":{"rendered":"MARKETING PARA O S\u00c9CULO XXI"},"content":{"rendered":"<p>Philip Kotler<\/p>\n<p>9789722325851<\/p>\n","protected":false},"excerpt":{"rendered":"<div id=\"productPageSectionAboutBook-sinopseTitle\" class=\"right-title\"><strong>SINOPSE<\/strong><\/div>\n<div id=\"productPageSectionAboutBook-sinopse\" class=\"right-text\">\n<p>Ao longo dos \u00faltimos vinte anos, Philip Kotler deu uma s\u00e9rie admir\u00e1vel de confer\u00eancias subordinadas ao tema do marketing no novo mil\u00e9nio. Muito aguardada, esta obra re\u00fane conhecimentos fundados e conselhos inteligentes que actualizam o leitor sobre as linhas de pensamento mais recentes, o auxiliam a revitalizar a sua estrat\u00e9gia de marketing e a obter uma outra compreens\u00e3o de velhos enigmas: como seleccionar os segmentos de mercado adequados ou como competir com concorrentes que praticam pre\u00e7os baixos, por exemplo. Um trabalho magistral, da autoria de um dos mais destacados e reconhecidos pensadores de marketing da actualidade.<\/p>\n<\/div>\n","protected":false},"featured_media":5075,"template":"","meta":{"_monsterinsights_skip_tracking":false,"_monsterinsights_sitenote_active":false,"_monsterinsights_sitenote_note":"","_monsterinsights_sitenote_category":0},"product_cat":[102],"product_tag":[],"class_list":{"0":"post-5074","1":"product","2":"type-product","3":"status-publish","4":"has-post-thumbnail","6":"product_cat-livros-tecnicos","7":"pa_book-author-philip-kotler","9":"first","10":"outofstock","11":"shipping-taxable","12":"purchasable","13":"product-type-simple"},"_links":{"self":[{"href":"https:\/\/mabuko.co.mz\/site\/index.php?rest_route=\/wp\/v2\/product\/5074","targetHints":{"allow":["GET"]}}],"collection":[{"href":"https:\/\/mabuko.co.mz\/site\/index.php?rest_route=\/wp\/v2\/product"}],"about":[{"href":"https:\/\/mabuko.co.mz\/site\/index.php?rest_route=\/wp\/v2\/types\/product"}],"wp:featuredmedia":[{"embeddable":true,"href":"https:\/\/mabuko.co.mz\/site\/index.php?rest_route=\/wp\/v2\/media\/5075"}],"wp:attachment":[{"href":"https:\/\/mabuko.co.mz\/site\/index.php?rest_route=%2Fwp%2Fv2%2Fmedia&parent=5074"}],"wp:term":[{"taxonomy":"product_cat","embeddable":true,"href":"https:\/\/mabuko.co.mz\/site\/index.php?rest_route=%2Fwp%2Fv2%2Fproduct_cat&post=5074"},{"taxonomy":"product_tag","embeddable":true,"href":"https:\/\/mabuko.co.mz\/site\/index.php?rest_route=%2Fwp%2Fv2%2Fproduct_tag&post=5074"}],"curies":[{"name":"wp","href":"https:\/\/api.w.org\/{rel}","templated":true}]}}