{"id":5072,"date":"2022-07-13T08:30:06","date_gmt":"2022-07-13T08:30:06","guid":{"rendered":"https:\/\/mabuko.co.mz\/?post_type=product&#038;p=5072"},"modified":"2022-12-30T08:56:03","modified_gmt":"2022-12-30T08:56:03","slug":"nao-imaginam-o-que-eles-me-fizeram","status":"publish","type":"product","link":"https:\/\/mabuko.co.mz\/site\/?product=nao-imaginam-o-que-eles-me-fizeram","title":{"rendered":"N\u00c3O IMAGINAM O QUE ELES ME FIZERAM!"},"content":{"rendered":"<p>Yvonne Coppard<\/p>\n<p>9789722325486<\/p>\n","protected":false},"excerpt":{"rendered":"<div id=\"productPageSectionAboutBook-sinopseTitle\" class=\"right-title\"><strong>SINOPSE<\/strong><\/div>\n<div id=\"productPageSectionAboutBook-sinopse\" class=\"right-text\">\n<p>Depois de \u00abQuero vestir-me \u00e0 minha Maneira\u00bb e de \u00abSei o que Fa\u00e7o\u00bb, Yvonne Coppard regressa \u00e0 colec\u00e7\u00e3o \u00abClube das Amigas\u00bb com um livro divertido em que Jenny continua a narrar as suas inquieta\u00e7\u00f5es de adolescente sob a forma de di\u00e1rio. Desta vez tem de lidar com uma viagem s\u00fabita ao Canad\u00e1 que a obrigar\u00e1, dolorosamente, a perder de vista o seu mais que tudo. Apesar disso, Jenny n\u00e3o deixar\u00e1 de viver curiosas aventuras e de sucumbir aos encantos do desajeitado mas amoroso Dirk&#8230;<\/p>\n<\/div>\n","protected":false},"featured_media":5073,"template":"","meta":{"_monsterinsights_skip_tracking":false,"_monsterinsights_sitenote_active":false,"_monsterinsights_sitenote_note":"","_monsterinsights_sitenote_category":0},"product_cat":[135],"product_tag":[],"class_list":{"0":"post-5072","1":"product","2":"type-product","3":"status-publish","4":"has-post-thumbnail","6":"product_cat-infantil","7":"pa_book-author-yvonne-coppard","9":"first","10":"outofstock","11":"shipping-taxable","12":"purchasable","13":"product-type-simple"},"_links":{"self":[{"href":"https:\/\/mabuko.co.mz\/site\/index.php?rest_route=\/wp\/v2\/product\/5072","targetHints":{"allow":["GET"]}}],"collection":[{"href":"https:\/\/mabuko.co.mz\/site\/index.php?rest_route=\/wp\/v2\/product"}],"about":[{"href":"https:\/\/mabuko.co.mz\/site\/index.php?rest_route=\/wp\/v2\/types\/product"}],"wp:featuredmedia":[{"embeddable":true,"href":"https:\/\/mabuko.co.mz\/site\/index.php?rest_route=\/wp\/v2\/media\/5073"}],"wp:attachment":[{"href":"https:\/\/mabuko.co.mz\/site\/index.php?rest_route=%2Fwp%2Fv2%2Fmedia&parent=5072"}],"wp:term":[{"taxonomy":"product_cat","embeddable":true,"href":"https:\/\/mabuko.co.mz\/site\/index.php?rest_route=%2Fwp%2Fv2%2Fproduct_cat&post=5072"},{"taxonomy":"product_tag","embeddable":true,"href":"https:\/\/mabuko.co.mz\/site\/index.php?rest_route=%2Fwp%2Fv2%2Fproduct_tag&post=5072"}],"curies":[{"name":"wp","href":"https:\/\/api.w.org\/{rel}","templated":true}]}}