{"id":5067,"date":"2022-07-13T08:10:05","date_gmt":"2022-07-13T08:10:05","guid":{"rendered":"https:\/\/mabuko.co.mz\/?post_type=product&#038;p=5067"},"modified":"2022-12-30T09:00:33","modified_gmt":"2022-12-30T09:00:33","slug":"eu-quero-escrever-uma-historia-de-amor","status":"publish","type":"product","link":"https:\/\/mabuko.co.mz\/site\/?product=eu-quero-escrever-uma-historia-de-amor","title":{"rendered":"EU QUERO ESCREVER UMA HIST\u00d3RIA DE AMOR"},"content":{"rendered":"<p>Louise Plummer<\/p>\n<p>9789722326025<\/p>\n","protected":false},"excerpt":{"rendered":"<p><strong>SINOPSE<\/strong><\/p>\n<p>Kate acha os romances de amor extremamente ing\u00e9nuos e pouco cred\u00edveis. Os personagens s\u00e3o sempre perfeitos &#8211; lindos de morrer, simp\u00e1ticos e com nomes melodiosos e sonantes; as cenas amorosas prolongam-se infinitamente, com beijos ardentes e abra\u00e7os t\u00e3o apertados que quase impossibilitam a respira\u00e7\u00e3o; a atmosfera \u00e9 de uma sensualidade contagiante. Quando decide escrever a sua hist\u00f3ria de amor, Kate quer que ela se assemelhe \u00e0 vida real. Mas o que fazer quando a hist\u00f3ria que nos serve de inspira\u00e7\u00e3o \u00e9 t\u00e3o rom\u00e2ntica que quase parece fic\u00e7\u00e3o?! O her\u00f3i \u00e9 irresist\u00edvel e musculoso e a hero\u00edna tem l\u00e1bios ardentes e sensuais, est\u00e3o os dois muito apaixonados e tudo se passa num ambiente que n\u00e3o podia ser mais perfeito: a alegre e colorida quadra Natal\u00edcia!! Assim torna-se realmente dif\u00edcil escrever um romance cred\u00edvel. \u00c9 que, por vezes, \u00e9 a pr\u00f3pria realidade que se aproxima da hist\u00f3ria de amor rom\u00e2ntica e quando isso acontece&#8230;Bom, quando isso acontece n\u00e3o h\u00e1 mesmo nada a fazer sen\u00e3o ser fiel \u00e0 realidade, isto \u00e9, escrever uma bela e rom\u00e2ntica hist\u00f3ria de amor.<\/p>\n","protected":false},"featured_media":5069,"template":"","meta":{"_monsterinsights_skip_tracking":false,"_monsterinsights_sitenote_active":false,"_monsterinsights_sitenote_note":"","_monsterinsights_sitenote_category":0},"product_cat":[135],"product_tag":[],"class_list":{"0":"post-5067","1":"product","2":"type-product","3":"status-publish","4":"has-post-thumbnail","6":"product_cat-infantil","7":"pa_book-author-louise-plummer","9":"first","10":"instock","11":"shipping-taxable","12":"purchasable","13":"product-type-simple"},"_links":{"self":[{"href":"https:\/\/mabuko.co.mz\/site\/index.php?rest_route=\/wp\/v2\/product\/5067","targetHints":{"allow":["GET"]}}],"collection":[{"href":"https:\/\/mabuko.co.mz\/site\/index.php?rest_route=\/wp\/v2\/product"}],"about":[{"href":"https:\/\/mabuko.co.mz\/site\/index.php?rest_route=\/wp\/v2\/types\/product"}],"wp:featuredmedia":[{"embeddable":true,"href":"https:\/\/mabuko.co.mz\/site\/index.php?rest_route=\/wp\/v2\/media\/5069"}],"wp:attachment":[{"href":"https:\/\/mabuko.co.mz\/site\/index.php?rest_route=%2Fwp%2Fv2%2Fmedia&parent=5067"}],"wp:term":[{"taxonomy":"product_cat","embeddable":true,"href":"https:\/\/mabuko.co.mz\/site\/index.php?rest_route=%2Fwp%2Fv2%2Fproduct_cat&post=5067"},{"taxonomy":"product_tag","embeddable":true,"href":"https:\/\/mabuko.co.mz\/site\/index.php?rest_route=%2Fwp%2Fv2%2Fproduct_tag&post=5067"}],"curies":[{"name":"wp","href":"https:\/\/api.w.org\/{rel}","templated":true}]}}