{"id":5064,"date":"2022-07-13T07:56:58","date_gmt":"2022-07-13T07:56:58","guid":{"rendered":"https:\/\/mabuko.co.mz\/?post_type=product&#038;p=5064"},"modified":"2022-12-30T08:59:31","modified_gmt":"2022-12-30T08:59:31","slug":"breve-historial-do-budismo","status":"publish","type":"product","link":"https:\/\/mabuko.co.mz\/site\/?product=breve-historial-do-budismo","title":{"rendered":"BREVE HIST\u00d3RIA DO BUDISMO"},"content":{"rendered":"<p>Andrew Skilton<\/p>\n<p>9789722326179<\/p>\n","protected":false},"excerpt":{"rendered":"<p><strong>SINOPSE<\/strong><\/p>\n<p>Mais do que uma religi\u00e3o, o Budismo \u00e9 um riqu\u00edssimo acervo de tradi\u00e7\u00f5es desconcertantemente diversificadas, fen\u00f3meno que se prende com a sua evolu\u00e7\u00e3o ao longo de vinte e cinco s\u00e9culos de exist\u00eancia. Esta diversidade confunde por vezes, nas diferentes manifesta\u00e7\u00f5es que assume &#8211; tanto no seu pa\u00eds de origem, como na sua extens\u00e3o atrav\u00e9s da \u00c1sia. Andrew Skilton explica-nos os conceitos fundamentais dos ensinamentos do Buda e seus seguidores, aqueles que s\u00e3o intemporais e constituem a ess\u00eancia do Budismo, mas considera importante para a sua compreens\u00e3o que os saibamos situar dentro de coordenadas hist\u00f3ricas. Esta Breve Hist\u00f3ria do Budismo, al\u00e9m de constituir uma excelente s\u00edntese e uma convidativa introdu\u00e7\u00e3o \u00e0 mesma, proporciona a vis\u00e3o de uma das mais profundas heran\u00e7as espirituais da humanidade.<\/p>\n","protected":false},"featured_media":5065,"template":"","meta":{"_monsterinsights_skip_tracking":false,"_monsterinsights_sitenote_active":false,"_monsterinsights_sitenote_note":"","_monsterinsights_sitenote_category":0},"product_cat":[102],"product_tag":[],"class_list":{"0":"post-5064","1":"product","2":"type-product","3":"status-publish","4":"has-post-thumbnail","6":"product_cat-livros-tecnicos","7":"pa_book-author-andrew-skilton","9":"first","10":"outofstock","11":"shipping-taxable","12":"purchasable","13":"product-type-simple"},"_links":{"self":[{"href":"https:\/\/mabuko.co.mz\/site\/index.php?rest_route=\/wp\/v2\/product\/5064","targetHints":{"allow":["GET"]}}],"collection":[{"href":"https:\/\/mabuko.co.mz\/site\/index.php?rest_route=\/wp\/v2\/product"}],"about":[{"href":"https:\/\/mabuko.co.mz\/site\/index.php?rest_route=\/wp\/v2\/types\/product"}],"wp:featuredmedia":[{"embeddable":true,"href":"https:\/\/mabuko.co.mz\/site\/index.php?rest_route=\/wp\/v2\/media\/5065"}],"wp:attachment":[{"href":"https:\/\/mabuko.co.mz\/site\/index.php?rest_route=%2Fwp%2Fv2%2Fmedia&parent=5064"}],"wp:term":[{"taxonomy":"product_cat","embeddable":true,"href":"https:\/\/mabuko.co.mz\/site\/index.php?rest_route=%2Fwp%2Fv2%2Fproduct_cat&post=5064"},{"taxonomy":"product_tag","embeddable":true,"href":"https:\/\/mabuko.co.mz\/site\/index.php?rest_route=%2Fwp%2Fv2%2Fproduct_tag&post=5064"}],"curies":[{"name":"wp","href":"https:\/\/api.w.org\/{rel}","templated":true}]}}