{"id":5062,"date":"2022-07-13T07:41:11","date_gmt":"2022-07-13T07:41:11","guid":{"rendered":"https:\/\/mabuko.co.mz\/?post_type=product&#038;p=5062"},"modified":"2022-12-30T09:01:47","modified_gmt":"2022-12-30T09:01:47","slug":"um-namora-para-a-minha-irma","status":"publish","type":"product","link":"https:\/\/mabuko.co.mz\/site\/?product=um-namora-para-a-minha-irma","title":{"rendered":"UM NAMORADO PARA A MINHA IRM\u00c3"},"content":{"rendered":"<p>Mary Hooper<\/p>\n<p>9789722326292<\/p>\n","protected":false},"excerpt":{"rendered":"<p><strong>SINOPSE<\/strong><\/p>\n<p>Terri n\u00e3o sabia muito sobre a vida amorosa da sua irm\u00e3 mais velha, mas n\u00e3o acreditava nas coisas que a m\u00e3e lhe dizia. Parecia imposs\u00edvel que Sarah n\u00e3o tivesse um namorado. Mas agora, de chegada ao apartamento londrino da irm\u00e3 mais velha para passar umas pequenas f\u00e9rias, com a mala cheia de revistas rom\u00e2nticas e a cabe\u00e7a perdida no ideal do amor perfeito, Terri estava petrificada. Sarah n\u00e3o tinha namorado!!! Era imposs\u00edvel que a vida da irm\u00e3 n\u00e3o fosse passada em festas fant\u00e1sticas e jantares em restaurantes de luxo na companhia de homens de sonho, por quem seria bem f\u00e1cil apaixonar-se. No entanto, a verdade era quase o oposto: Sarah apenas sa\u00eda para trabalhar e n\u00e3o mostrava sinais de que estava sequer interessada por algu\u00e9m&#8230; a situa\u00e7\u00e3o era verdadeiramente desesperante. De qualquer modo, Terri ia mudar as coisas, nem que fosse \u00e0 for\u00e7a: embora a m\u00e3e a tivesse feito prometer que n\u00e3o ia interferir na vida da irm\u00e3, Terri seria o Cupido que faltava para que a irm\u00e3 se apaixonasse e arranjasse namorado. O pior \u00e9 que as coisas nem sempre correm conforme os desejos de Terri e os seus planos acabam sistematicamente da pior maneira poss\u00edvel&#8230;<\/p>\n","protected":false},"featured_media":5063,"template":"","meta":{"_monsterinsights_skip_tracking":false,"_monsterinsights_sitenote_active":false,"_monsterinsights_sitenote_note":"","_monsterinsights_sitenote_category":0},"product_cat":[135],"product_tag":[],"class_list":{"0":"post-5062","1":"product","2":"type-product","3":"status-publish","4":"has-post-thumbnail","6":"product_cat-infantil","7":"pa_book-author-mary-hooper","9":"first","10":"instock","11":"shipping-taxable","12":"purchasable","13":"product-type-simple"},"_links":{"self":[{"href":"https:\/\/mabuko.co.mz\/site\/index.php?rest_route=\/wp\/v2\/product\/5062","targetHints":{"allow":["GET"]}}],"collection":[{"href":"https:\/\/mabuko.co.mz\/site\/index.php?rest_route=\/wp\/v2\/product"}],"about":[{"href":"https:\/\/mabuko.co.mz\/site\/index.php?rest_route=\/wp\/v2\/types\/product"}],"wp:featuredmedia":[{"embeddable":true,"href":"https:\/\/mabuko.co.mz\/site\/index.php?rest_route=\/wp\/v2\/media\/5063"}],"wp:attachment":[{"href":"https:\/\/mabuko.co.mz\/site\/index.php?rest_route=%2Fwp%2Fv2%2Fmedia&parent=5062"}],"wp:term":[{"taxonomy":"product_cat","embeddable":true,"href":"https:\/\/mabuko.co.mz\/site\/index.php?rest_route=%2Fwp%2Fv2%2Fproduct_cat&post=5062"},{"taxonomy":"product_tag","embeddable":true,"href":"https:\/\/mabuko.co.mz\/site\/index.php?rest_route=%2Fwp%2Fv2%2Fproduct_tag&post=5062"}],"curies":[{"name":"wp","href":"https:\/\/api.w.org\/{rel}","templated":true}]}}